{"id":2572,"date":"2025-10-06T09:00:37","date_gmt":"2025-10-06T09:00:37","guid":{"rendered":"https:\/\/graficasmosell.com\/mosell\/?page_id=2572"},"modified":"2025-10-06T09:42:39","modified_gmt":"2025-10-06T09:42:39","slug":"muestra-accesibilidad","status":"publish","type":"page","link":"https:\/\/graficasmosell.com\/mosell\/muestra-accesibilidad\/","title":{"rendered":"Muestra accesibilidad"},"content":{"rendered":"\n<style type=\"text\/css\" data-created_by=\"avia_inline_auto\" id=\"style-css-av-k91nm2o7-0164ac7dc250bd579b5c5a6ab2f7e2b7\">\n#top .av-special-heading.av-k91nm2o7-0164ac7dc250bd579b5c5a6ab2f7e2b7{\npadding-bottom:10px;\n}\nbody .av-special-heading.av-k91nm2o7-0164ac7dc250bd579b5c5a6ab2f7e2b7 .av-special-heading-tag .heading-char{\nfont-size:25px;\n}\n.av-special-heading.av-k91nm2o7-0164ac7dc250bd579b5c5a6ab2f7e2b7 .av-subheading{\nfont-size:15px;\n}\n<\/style>\n<div  class='av-special-heading av-k91nm2o7-0164ac7dc250bd579b5c5a6ab2f7e2b7 av-special-heading-h1  avia-builder-el-0  el_before_av_textblock  avia-builder-el-first '><h1 class='av-special-heading-tag '  itemprop=\"headline\"  >Muestra de accesibilidad<\/h1><div class=\"special-heading-border\"><div class=\"special-heading-inner-border\"><\/div><\/div><\/div>\n<section  class='av_textblock_section av-k91np2ww-8df7487cb55ea360b23bcfb3be780c36 '   itemscope=\"itemscope\" itemtype=\"https:\/\/schema.org\/CreativeWork\" ><div class='avia_textblock'  itemprop=\"text\" ><ol>\n<li><strong>DECLARACI\u00d3N DE ACCESIBILIDAD<\/strong><br \/>\nGr\u00e1ficas Mosell se ha comprometido a hacer accesible el sitio web graficasmosell.com\/mosell, conforme al Real Decreto 1112\/2018, sobre accesibilidad de los sitios web y aplicaciones para dispositivos m\u00f3viles.<br \/>\n1. Situaci\u00f3n de cumplimiento<br \/>\nEste sitio web es [SITUACI\u00d3N DE CUMPLIMIENTO: total\/parcial] conforme con el Real Decreto 1112\/2018.<br \/>\n<strong>2. Contenido no accesible<\/strong><br \/>\nPuede existir contenido no accesible por:<br \/>\nIm\u00e1genes sin descripci\u00f3n alternativa adecuada.<br \/>\nDocumentos PDF que no cumplen con los requisitos de accesibilidad.<br \/>\n<strong>3. Preparaci\u00f3n de la declaraci\u00f3n<\/strong><br \/>\nLa presente declaraci\u00f3n fue preparada el 02 de octubre de 2025.\u2028El m\u00e9todo utilizado ha sido [AUTOEVALUACI\u00d3N \/ REVISI\u00d3N EXTERNA].<br \/>\n<strong>4. Observaciones y contacto<\/strong><br \/>\nPara notificar incidencias de accesibilidad, puede contactar con: web@graficasmosell.com.<br \/>\n<strong>5. Procedimiento de aplicaci\u00f3n<\/strong><br \/>\nSi la respuesta no es satisfactoria, el usuario puede acudir a la sede electr\u00f3nica de la Administraci\u00f3n competente o a la Agencia Espa\u00f1ola de Protecci\u00f3n de Datos.<\/li>\n<\/ol>\n<\/div><\/section>\n","protected":false},"excerpt":{"rendered":"","protected":false},"author":1,"featured_media":0,"parent":0,"menu_order":0,"comment_status":"closed","ping_status":"closed","template":"","meta":{"_acf_changed":false,"footnotes":""},"class_list":["post-2572","page","type-page","status-publish","hentry"],"acf":[],"yoast_head":"<!-- This site is optimized with the Yoast SEO plugin v27.2 - https:\/\/yoast.com\/product\/yoast-seo-wordpress\/ -->\n<title>Muestra accesibilidad - Gr&aacute;ficas Mosell<\/title>\n<meta name=\"robots\" content=\"index, follow, max-snippet:-1, max-image-preview:large, max-video-preview:-1\" \/>\n<link rel=\"canonical\" href=\"https:\/\/graficasmosell.com\/mosell\/muestra-accesibilidad\/\" \/>\n<meta property=\"og:locale\" content=\"es_ES\" \/>\n<meta property=\"og:type\" content=\"article\" \/>\n<meta property=\"og:title\" content=\"Muestra accesibilidad - Gr&aacute;ficas Mosell\" \/>\n<meta property=\"og:url\" content=\"https:\/\/graficasmosell.com\/mosell\/muestra-accesibilidad\/\" \/>\n<meta property=\"og:site_name\" content=\"Gr&aacute;ficas Mosell\" \/>\n<meta property=\"article:modified_time\" content=\"2025-10-06T09:42:39+00:00\" \/>\n<meta name=\"twitter:card\" content=\"summary_large_image\" \/>\n<meta name=\"twitter:label1\" content=\"Tiempo de lectura\" \/>\n\t<meta name=\"twitter:data1\" content=\"1 minuto\" \/>\n<script type=\"application\/ld+json\" class=\"yoast-schema-graph\">{\"@context\":\"https:\/\/schema.org\",\"@graph\":[{\"@type\":\"WebPage\",\"@id\":\"https:\/\/graficasmosell.com\/mosell\/muestra-accesibilidad\/\",\"url\":\"https:\/\/graficasmosell.com\/mosell\/muestra-accesibilidad\/\",\"name\":\"Muestra accesibilidad - Gr&aacute;ficas Mosell\",\"isPartOf\":{\"@id\":\"https:\/\/graficasmosell.com\/mosell\/#website\"},\"datePublished\":\"2025-10-06T09:00:37+00:00\",\"dateModified\":\"2025-10-06T09:42:39+00:00\",\"breadcrumb\":{\"@id\":\"https:\/\/graficasmosell.com\/mosell\/muestra-accesibilidad\/#breadcrumb\"},\"inLanguage\":\"es\",\"potentialAction\":[{\"@type\":\"ReadAction\",\"target\":[\"https:\/\/graficasmosell.com\/mosell\/muestra-accesibilidad\/\"]}]},{\"@type\":\"BreadcrumbList\",\"@id\":\"https:\/\/graficasmosell.com\/mosell\/muestra-accesibilidad\/#breadcrumb\",\"itemListElement\":[{\"@type\":\"ListItem\",\"position\":1,\"name\":\"Portada\",\"item\":\"https:\/\/graficasmosell.com\/mosell\/home\/\"},{\"@type\":\"ListItem\",\"position\":2,\"name\":\"Muestra accesibilidad\"}]},{\"@type\":\"WebSite\",\"@id\":\"https:\/\/graficasmosell.com\/mosell\/#website\",\"url\":\"https:\/\/graficasmosell.com\/mosell\/\",\"name\":\"Gr&aacute;ficas Mosell\",\"description\":\"Imprenta, Rotulaci\u00f3n y Regalos\",\"publisher\":{\"@id\":\"https:\/\/graficasmosell.com\/mosell\/#organization\"},\"potentialAction\":[{\"@type\":\"SearchAction\",\"target\":{\"@type\":\"EntryPoint\",\"urlTemplate\":\"https:\/\/graficasmosell.com\/mosell\/?s={search_term_string}\"},\"query-input\":{\"@type\":\"PropertyValueSpecification\",\"valueRequired\":true,\"valueName\":\"search_term_string\"}}],\"inLanguage\":\"es\"},{\"@type\":\"Organization\",\"@id\":\"https:\/\/graficasmosell.com\/mosell\/#organization\",\"name\":\"Mosell\",\"url\":\"https:\/\/graficasmosell.com\/mosell\/\",\"logo\":{\"@type\":\"ImageObject\",\"inLanguage\":\"es\",\"@id\":\"https:\/\/graficasmosell.com\/mosell\/#\/schema\/logo\/image\/\",\"url\":\"\",\"contentUrl\":\"\",\"caption\":\"Mosell\"},\"image\":{\"@id\":\"https:\/\/graficasmosell.com\/mosell\/#\/schema\/logo\/image\/\"}}]}<\/script>\n<!-- \/ Yoast SEO plugin. -->","yoast_head_json":{"title":"Muestra accesibilidad - Gr&aacute;ficas Mosell","robots":{"index":"index","follow":"follow","max-snippet":"max-snippet:-1","max-image-preview":"max-image-preview:large","max-video-preview":"max-video-preview:-1"},"canonical":"https:\/\/graficasmosell.com\/mosell\/muestra-accesibilidad\/","og_locale":"es_ES","og_type":"article","og_title":"Muestra accesibilidad - Gr&aacute;ficas Mosell","og_url":"https:\/\/graficasmosell.com\/mosell\/muestra-accesibilidad\/","og_site_name":"Gr&aacute;ficas Mosell","article_modified_time":"2025-10-06T09:42:39+00:00","twitter_card":"summary_large_image","twitter_misc":{"Tiempo de lectura":"1 minuto"},"schema":{"@context":"https:\/\/schema.org","@graph":[{"@type":"WebPage","@id":"https:\/\/graficasmosell.com\/mosell\/muestra-accesibilidad\/","url":"https:\/\/graficasmosell.com\/mosell\/muestra-accesibilidad\/","name":"Muestra accesibilidad - Gr&aacute;ficas Mosell","isPartOf":{"@id":"https:\/\/graficasmosell.com\/mosell\/#website"},"datePublished":"2025-10-06T09:00:37+00:00","dateModified":"2025-10-06T09:42:39+00:00","breadcrumb":{"@id":"https:\/\/graficasmosell.com\/mosell\/muestra-accesibilidad\/#breadcrumb"},"inLanguage":"es","potentialAction":[{"@type":"ReadAction","target":["https:\/\/graficasmosell.com\/mosell\/muestra-accesibilidad\/"]}]},{"@type":"BreadcrumbList","@id":"https:\/\/graficasmosell.com\/mosell\/muestra-accesibilidad\/#breadcrumb","itemListElement":[{"@type":"ListItem","position":1,"name":"Portada","item":"https:\/\/graficasmosell.com\/mosell\/home\/"},{"@type":"ListItem","position":2,"name":"Muestra accesibilidad"}]},{"@type":"WebSite","@id":"https:\/\/graficasmosell.com\/mosell\/#website","url":"https:\/\/graficasmosell.com\/mosell\/","name":"Gr&aacute;ficas Mosell","description":"Imprenta, Rotulaci\u00f3n y Regalos","publisher":{"@id":"https:\/\/graficasmosell.com\/mosell\/#organization"},"potentialAction":[{"@type":"SearchAction","target":{"@type":"EntryPoint","urlTemplate":"https:\/\/graficasmosell.com\/mosell\/?s={search_term_string}"},"query-input":{"@type":"PropertyValueSpecification","valueRequired":true,"valueName":"search_term_string"}}],"inLanguage":"es"},{"@type":"Organization","@id":"https:\/\/graficasmosell.com\/mosell\/#organization","name":"Mosell","url":"https:\/\/graficasmosell.com\/mosell\/","logo":{"@type":"ImageObject","inLanguage":"es","@id":"https:\/\/graficasmosell.com\/mosell\/#\/schema\/logo\/image\/","url":"","contentUrl":"","caption":"Mosell"},"image":{"@id":"https:\/\/graficasmosell.com\/mosell\/#\/schema\/logo\/image\/"}}]}},"_links":{"self":[{"href":"https:\/\/graficasmosell.com\/mosell\/wp-json\/wp\/v2\/pages\/2572","targetHints":{"allow":["GET"]}}],"collection":[{"href":"https:\/\/graficasmosell.com\/mosell\/wp-json\/wp\/v2\/pages"}],"about":[{"href":"https:\/\/graficasmosell.com\/mosell\/wp-json\/wp\/v2\/types\/page"}],"author":[{"embeddable":true,"href":"https:\/\/graficasmosell.com\/mosell\/wp-json\/wp\/v2\/users\/1"}],"replies":[{"embeddable":true,"href":"https:\/\/graficasmosell.com\/mosell\/wp-json\/wp\/v2\/comments?post=2572"}],"version-history":[{"count":2,"href":"https:\/\/graficasmosell.com\/mosell\/wp-json\/wp\/v2\/pages\/2572\/revisions"}],"predecessor-version":[{"id":2582,"href":"https:\/\/graficasmosell.com\/mosell\/wp-json\/wp\/v2\/pages\/2572\/revisions\/2582"}],"wp:attachment":[{"href":"https:\/\/graficasmosell.com\/mosell\/wp-json\/wp\/v2\/media?parent=2572"}],"curies":[{"name":"wp","href":"https:\/\/api.w.org\/{rel}","templated":true}]}}