{"id":790,"date":"2020-04-15T17:47:39","date_gmt":"2020-04-15T17:47:39","guid":{"rendered":"https:\/\/graficasmosell.com\/\/new\/?page_id=790"},"modified":"2025-10-02T10:37:35","modified_gmt":"2025-10-02T10:37:35","slug":"aviso-legal","status":"publish","type":"page","link":"https:\/\/graficasmosell.com\/mosell\/aviso-legal\/","title":{"rendered":"Aviso Legal"},"content":{"rendered":"\n<style type=\"text\/css\" data-created_by=\"avia_inline_auto\" id=\"style-css-av-k91nm2o7-fd56cc230145eda70c67a35938711dbd\">\n#top .av-special-heading.av-k91nm2o7-fd56cc230145eda70c67a35938711dbd{\npadding-bottom:10px;\n}\nbody .av-special-heading.av-k91nm2o7-fd56cc230145eda70c67a35938711dbd .av-special-heading-tag .heading-char{\nfont-size:25px;\n}\n.av-special-heading.av-k91nm2o7-fd56cc230145eda70c67a35938711dbd .av-subheading{\nfont-size:15px;\n}\n<\/style>\n<div  class='av-special-heading av-k91nm2o7-fd56cc230145eda70c67a35938711dbd av-special-heading-h1  avia-builder-el-0  el_before_av_textblock  avia-builder-el-first '><h1 class='av-special-heading-tag '  itemprop=\"headline\"  >Aviso Legal<\/h1><div class=\"special-heading-border\"><div class=\"special-heading-inner-border\"><\/div><\/div><\/div>\n<section  class='av_textblock_section av-k91np2ww-8df7487cb55ea360b23bcfb3be780c36 '   itemscope=\"itemscope\" itemtype=\"https:\/\/schema.org\/CreativeWork\" ><div class='avia_textblock'  itemprop=\"text\" ><ol>\n<li><b> Identificaci\u00f3n del responsable<\/b><\/li>\n<\/ol>\n<p>En cumplimiento del art\u00edculo 10 de la Ley 34\/2002, de Servicios de la Sociedad de la Informaci\u00f3n y de Comercio Electr\u00f3nico (LSSI-CE), se informa que:<\/p>\n<ul>\n<li aria-level=\"1\"><b>Nombre \/ raz\u00f3n social<\/b>: Gr\u00e1ficas Mosell<\/li>\n<li aria-level=\"1\"><b>Domicilio social<\/b>: C\/ Tetu\u00e1n, n\u00ba 5, 45470 Los Y\u00e9benes (Toledo), Espa\u00f1a<\/li>\n<li aria-level=\"1\"><b>Correo electr\u00f3nico de contacto<\/b>: web@graficasmosell.com<\/li>\n<li aria-level=\"1\"><b>Tel\u00e9fono<\/b>: 925 348 323 \/ 635 51 58 59<\/li>\n<li aria-level=\"1\"><b>CIF \/ NIF<\/b>: 03917913-R<\/li>\n<\/ul>\n<ol start=\"2\">\n<li><b> Objeto<\/b><\/li>\n<\/ol>\n<p>El presente Aviso Legal regula el uso del sitio web <a href=\"https:\/\/graficasmosell.com\/mosell\/?utm_source=chatgpt.com\">https:\/\/graficasmosell.com\/mosell\/<\/a> (en adelante, el \u201csitio web\u201d) que Gr\u00e1ficas Mosell pone a disposici\u00f3n de los usuarios para la presentaci\u00f3n de sus productos y servicios de impresi\u00f3n, dise\u00f1o, rotulaci\u00f3n, etc., y la posible contrataci\u00f3n v\u00eda online de dichos productos.<\/p>\n<p>Cualquier persona que acceda al sitio web (en adelante, el \u201cusuario\u201d) acepta someterse sin reservas a lo dispuesto en este Aviso Legal y en la normativa aplicable.<\/p>\n<ol start=\"3\">\n<li><b> Condiciones de acceso y uso del sitio web<\/b><\/li>\n<\/ol>\n<ol>\n<li aria-level=\"1\">El acceso al sitio web es libre y gratuito, salvo en lo relativo al coste de conexi\u00f3n a trav\u00e9s de la red de telecomunicaciones suministrada por el proveedor contratado por los usuarios.<\/li>\n<li aria-level=\"1\">La empresa se reserva el derecho a interrumpir el acceso al sitio web por razones de mantenimiento, reparaci\u00f3n, mejoras o por cualquier causa t\u00e9cnica.<\/li>\n<li aria-level=\"1\">El usuario se compromete a hacer un uso adecuado del sitio web, conforme a la ley, al presente Aviso Legal y a la moral y buenas costumbres generalmente aceptadas. En particular, el usuario no podr\u00e1 utilizar el sitio web para:\n<ul>\n<li aria-level=\"2\">realizar actividades il\u00edcitas, ilegales o que infrinjan los derechos de terceros;<\/li>\n<li aria-level=\"2\">difundir contenidos que sean injuriosos, ofensivos, racistas, xen\u00f3fobos o violentos;<\/li>\n<li aria-level=\"2\">introducir virus, troyanos o cualquier otro elemento que pueda da\u00f1ar o interferir los sistemas inform\u00e1ticos del sitio web o de terceros;<\/li>\n<li aria-level=\"2\">intentar acceder, utilizar o manipular los datos de otros usuarios sin autorizaci\u00f3n.<\/li>\n<\/ul>\n<\/li>\n<\/ol>\n<ol start=\"4\">\n<li><b> Propiedad intelectual e industrial<\/b><\/li>\n<\/ol>\n<ol>\n<li aria-level=\"1\">Todos los contenidos del sitio web (textos, im\u00e1genes, logotipos, marcas, dise\u00f1os, gr\u00e1ficos, bases de datos, programaci\u00f3n, etc.) son titularidad de Gr\u00e1ficas Mosell o cuentan con licencia para su uso.<\/li>\n<li aria-level=\"1\">Queda prohibida su reproducci\u00f3n, distribuci\u00f3n, transformaci\u00f3n, comunicaci\u00f3n p\u00fablica, puesta a disposici\u00f3n, explotaci\u00f3n comercial, o cualquier otra forma de utilizaci\u00f3n que no haya sido expresamente autorizada por escrito por Gr\u00e1ficas Mosell.<\/li>\n<li aria-level=\"1\">La marca \u201cGr\u00e1ficas Mosell\u201d y otros logotipos y denominaciones son marcas registradas o derechos protegidos de la empresa, y est\u00e1 prohibido su uso sin autorizaci\u00f3n previa.<\/li>\n<\/ol>\n<ol start=\"5\">\n<li><b> Responsabilidad<\/b><\/li>\n<\/ol>\n<ol>\n<li aria-level=\"1\">Gr\u00e1ficas Mosell no responde de los errores u omisiones que pudieran existir en la informaci\u00f3n ofrecida en el sitio web, ni de los da\u00f1os derivados de su uso.<\/li>\n<li aria-level=\"1\">En la medida en que lo permita la ley, Gr\u00e1ficas Mosell no ser\u00e1 responsable por los da\u00f1os y perjuicios de cualquier naturaleza que pudieran derivarse del acceso, utilizaci\u00f3n o imposibilidad de uso del sitio web, ni de los virus o programas nocivos que puedan afectar el sistema inform\u00e1tico del usuario.<\/li>\n<li aria-level=\"1\">No se garantiza que el sitio web est\u00e9 libre de interrupciones, errores, virus o que puedan causar p\u00e9rdidas de datos.<\/li>\n<\/ol>\n<ol start=\"6\">\n<li><b> Enlaces (links)<\/b><\/li>\n<\/ol>\n<ol>\n<li aria-level=\"1\">En caso de que el sitio web contenga enlaces (links) a p\u00e1ginas web de terceros, Gr\u00e1ficas Mosell no asume responsabilidad alguna por el contenido de dichas p\u00e1ginas, ni del funcionamiento, actualizaci\u00f3n o veracidad de los mismos.<\/li>\n<li aria-level=\"1\">La inclusi\u00f3n de un enlace no implica que exista relaci\u00f3n entre Gr\u00e1ficas Mosell y el propietario del sitio enlazado ni la aprobaci\u00f3n, patrocinio o recomendaci\u00f3n del mismo.<\/li>\n<\/ol>\n<ol start=\"7\">\n<li><b> Condiciones de venta<\/b><\/li>\n<\/ol>\n<ol>\n<li aria-level=\"1\">Las condiciones particulares de contrataci\u00f3n y compra de los productos se regir\u00e1n por las <b>Condiciones de Venta \/ T\u00e9rminos y Condiciones<\/b> que se deber\u00e1n exponer claramente en la web (precios, impuestos, env\u00edo, plazos, devoluciones, garant\u00edas, etc.).<\/li>\n<li aria-level=\"1\">El usuario deber\u00e1 seguir el proceso de compra y aceptar expresamente dichas condiciones antes de formalizar el pedido.<\/li>\n<\/ol>\n<ol start=\"8\">\n<li><b> Protecci\u00f3n de datos personales<\/b><\/li>\n<\/ol>\n<ol>\n<li aria-level=\"1\">De conformidad con el Reglamento (UE) 2016\/679 (RGPD) y la normativa espa\u00f1ola de protecci\u00f3n de datos, Gr\u00e1ficas Mosell informa a los usuarios que los datos personales que faciliten ser\u00e1n tratados para las finalidades indicadas en la <b>Pol\u00edtica de Privacidad<\/b>, que debe estar accesible y claramente vinculada desde todas las p\u00e1ginas del sitio web.<\/li>\n<li aria-level=\"1\">Se garantiza que los datos se tratar\u00e1n de forma confidencial y con las medidas t\u00e9cnicas y organizativas necesarias para evitar su alteraci\u00f3n, p\u00e9rdida, tratamiento o acceso no autorizado.<\/li>\n<\/ol>\n<ol start=\"9\">\n<li><b> Cookies<\/b><\/li>\n<\/ol>\n<p>El sitio web utiliza cookies conforme a la <b>Pol\u00edtica de Cookies<\/b>, que informa al usuario del tipo de cookies empleadas, finalidad, duraci\u00f3n, c\u00f3mo desactivarlas, etc. Debe estar disponible un mecanismo para que el usuario otorgue o rechace consentimiento de cookies no esenciales.<\/p>\n<ol start=\"10\">\n<li><b> Modificaciones<\/b><\/li>\n<\/ol>\n<p>Gr\u00e1ficas Mosell se reserva el derecho de modificar, en cualquier momento y sin previo aviso, el contenido del sitio web, su configuraci\u00f3n y presentaci\u00f3n, as\u00ed como este Aviso Legal, adapt\u00e1ndolo a nuevas normativas, jurisprudencia o mejoras tecnol\u00f3gicas.<\/p>\n<ol start=\"11\">\n<li><b> Duraci\u00f3n y Terminaci\u00f3n<\/b><\/li>\n<\/ol>\n<p>La prestaci\u00f3n de los servicios del sitio web se entiende por tiempo indefinido. No obstante, Gr\u00e1ficas Mosell podr\u00e1 interrumpirlos cuando estime conveniente, sin obligaci\u00f3n de preaviso ni indemnizaci\u00f3n alguna hacia los usuarios.<\/p>\n<ol start=\"12\">\n<li><b> Legislaci\u00f3n aplicable y jurisdicci\u00f3n<\/b><\/li>\n<\/ol>\n<p>Las relaciones establecidas entre el usuario y Gr\u00e1ficas Mosell se regir\u00e1n por la normativa vigente en Espa\u00f1a.<br \/>\nPara la resoluci\u00f3n de cualquier conflicto que pudiera surgir, las partes se someten expresamente a los Juzgados y Tribunales del domicilio del consumidor (o, en su defecto, a los de la ciudad de Toledo), salvo que la ley aplicable disponga otra cosa.<\/p>\n<\/div><\/section>\n","protected":false},"excerpt":{"rendered":"","protected":false},"author":1,"featured_media":0,"parent":0,"menu_order":0,"comment_status":"closed","ping_status":"closed","template":"","meta":{"_acf_changed":false,"footnotes":""},"class_list":["post-790","page","type-page","status-publish","hentry"],"acf":[],"yoast_head":"<!-- This site is optimized with the Yoast SEO plugin v27.2 - https:\/\/yoast.com\/product\/yoast-seo-wordpress\/ -->\n<title>Aviso Legal - Gr&aacute;ficas Mosell<\/title>\n<meta name=\"robots\" content=\"index, follow, max-snippet:-1, max-image-preview:large, max-video-preview:-1\" \/>\n<link rel=\"canonical\" href=\"https:\/\/graficasmosell.com\/mosell\/aviso-legal\/\" \/>\n<meta property=\"og:locale\" content=\"es_ES\" \/>\n<meta property=\"og:type\" content=\"article\" \/>\n<meta property=\"og:title\" content=\"Aviso Legal - Gr&aacute;ficas Mosell\" \/>\n<meta property=\"og:url\" content=\"https:\/\/graficasmosell.com\/mosell\/aviso-legal\/\" \/>\n<meta property=\"og:site_name\" content=\"Gr&aacute;ficas Mosell\" \/>\n<meta property=\"article:modified_time\" content=\"2025-10-02T10:37:35+00:00\" \/>\n<meta name=\"twitter:card\" content=\"summary_large_image\" \/>\n<meta name=\"twitter:label1\" content=\"Tiempo de lectura\" \/>\n\t<meta name=\"twitter:data1\" content=\"1 minuto\" \/>\n<script type=\"application\/ld+json\" class=\"yoast-schema-graph\">{\"@context\":\"https:\/\/schema.org\",\"@graph\":[{\"@type\":\"WebPage\",\"@id\":\"https:\/\/graficasmosell.com\/mosell\/aviso-legal\/\",\"url\":\"https:\/\/graficasmosell.com\/mosell\/aviso-legal\/\",\"name\":\"Aviso Legal - Gr&aacute;ficas Mosell\",\"isPartOf\":{\"@id\":\"https:\/\/graficasmosell.com\/mosell\/#website\"},\"datePublished\":\"2020-04-15T17:47:39+00:00\",\"dateModified\":\"2025-10-02T10:37:35+00:00\",\"breadcrumb\":{\"@id\":\"https:\/\/graficasmosell.com\/mosell\/aviso-legal\/#breadcrumb\"},\"inLanguage\":\"es\",\"potentialAction\":[{\"@type\":\"ReadAction\",\"target\":[\"https:\/\/graficasmosell.com\/mosell\/aviso-legal\/\"]}]},{\"@type\":\"BreadcrumbList\",\"@id\":\"https:\/\/graficasmosell.com\/mosell\/aviso-legal\/#breadcrumb\",\"itemListElement\":[{\"@type\":\"ListItem\",\"position\":1,\"name\":\"Portada\",\"item\":\"https:\/\/graficasmosell.com\/mosell\/home\/\"},{\"@type\":\"ListItem\",\"position\":2,\"name\":\"Aviso Legal\"}]},{\"@type\":\"WebSite\",\"@id\":\"https:\/\/graficasmosell.com\/mosell\/#website\",\"url\":\"https:\/\/graficasmosell.com\/mosell\/\",\"name\":\"Gr&aacute;ficas Mosell\",\"description\":\"Imprenta, Rotulaci\u00f3n y Regalos\",\"publisher\":{\"@id\":\"https:\/\/graficasmosell.com\/mosell\/#organization\"},\"potentialAction\":[{\"@type\":\"SearchAction\",\"target\":{\"@type\":\"EntryPoint\",\"urlTemplate\":\"https:\/\/graficasmosell.com\/mosell\/?s={search_term_string}\"},\"query-input\":{\"@type\":\"PropertyValueSpecification\",\"valueRequired\":true,\"valueName\":\"search_term_string\"}}],\"inLanguage\":\"es\"},{\"@type\":\"Organization\",\"@id\":\"https:\/\/graficasmosell.com\/mosell\/#organization\",\"name\":\"Mosell\",\"url\":\"https:\/\/graficasmosell.com\/mosell\/\",\"logo\":{\"@type\":\"ImageObject\",\"inLanguage\":\"es\",\"@id\":\"https:\/\/graficasmosell.com\/mosell\/#\/schema\/logo\/image\/\",\"url\":\"\",\"contentUrl\":\"\",\"caption\":\"Mosell\"},\"image\":{\"@id\":\"https:\/\/graficasmosell.com\/mosell\/#\/schema\/logo\/image\/\"}}]}<\/script>\n<!-- \/ Yoast SEO plugin. -->","yoast_head_json":{"title":"Aviso Legal - Gr&aacute;ficas Mosell","robots":{"index":"index","follow":"follow","max-snippet":"max-snippet:-1","max-image-preview":"max-image-preview:large","max-video-preview":"max-video-preview:-1"},"canonical":"https:\/\/graficasmosell.com\/mosell\/aviso-legal\/","og_locale":"es_ES","og_type":"article","og_title":"Aviso Legal - Gr&aacute;ficas Mosell","og_url":"https:\/\/graficasmosell.com\/mosell\/aviso-legal\/","og_site_name":"Gr&aacute;ficas Mosell","article_modified_time":"2025-10-02T10:37:35+00:00","twitter_card":"summary_large_image","twitter_misc":{"Tiempo de lectura":"1 minuto"},"schema":{"@context":"https:\/\/schema.org","@graph":[{"@type":"WebPage","@id":"https:\/\/graficasmosell.com\/mosell\/aviso-legal\/","url":"https:\/\/graficasmosell.com\/mosell\/aviso-legal\/","name":"Aviso Legal - Gr&aacute;ficas Mosell","isPartOf":{"@id":"https:\/\/graficasmosell.com\/mosell\/#website"},"datePublished":"2020-04-15T17:47:39+00:00","dateModified":"2025-10-02T10:37:35+00:00","breadcrumb":{"@id":"https:\/\/graficasmosell.com\/mosell\/aviso-legal\/#breadcrumb"},"inLanguage":"es","potentialAction":[{"@type":"ReadAction","target":["https:\/\/graficasmosell.com\/mosell\/aviso-legal\/"]}]},{"@type":"BreadcrumbList","@id":"https:\/\/graficasmosell.com\/mosell\/aviso-legal\/#breadcrumb","itemListElement":[{"@type":"ListItem","position":1,"name":"Portada","item":"https:\/\/graficasmosell.com\/mosell\/home\/"},{"@type":"ListItem","position":2,"name":"Aviso Legal"}]},{"@type":"WebSite","@id":"https:\/\/graficasmosell.com\/mosell\/#website","url":"https:\/\/graficasmosell.com\/mosell\/","name":"Gr&aacute;ficas Mosell","description":"Imprenta, Rotulaci\u00f3n y Regalos","publisher":{"@id":"https:\/\/graficasmosell.com\/mosell\/#organization"},"potentialAction":[{"@type":"SearchAction","target":{"@type":"EntryPoint","urlTemplate":"https:\/\/graficasmosell.com\/mosell\/?s={search_term_string}"},"query-input":{"@type":"PropertyValueSpecification","valueRequired":true,"valueName":"search_term_string"}}],"inLanguage":"es"},{"@type":"Organization","@id":"https:\/\/graficasmosell.com\/mosell\/#organization","name":"Mosell","url":"https:\/\/graficasmosell.com\/mosell\/","logo":{"@type":"ImageObject","inLanguage":"es","@id":"https:\/\/graficasmosell.com\/mosell\/#\/schema\/logo\/image\/","url":"","contentUrl":"","caption":"Mosell"},"image":{"@id":"https:\/\/graficasmosell.com\/mosell\/#\/schema\/logo\/image\/"}}]}},"_links":{"self":[{"href":"https:\/\/graficasmosell.com\/mosell\/wp-json\/wp\/v2\/pages\/790","targetHints":{"allow":["GET"]}}],"collection":[{"href":"https:\/\/graficasmosell.com\/mosell\/wp-json\/wp\/v2\/pages"}],"about":[{"href":"https:\/\/graficasmosell.com\/mosell\/wp-json\/wp\/v2\/types\/page"}],"author":[{"embeddable":true,"href":"https:\/\/graficasmosell.com\/mosell\/wp-json\/wp\/v2\/users\/1"}],"replies":[{"embeddable":true,"href":"https:\/\/graficasmosell.com\/mosell\/wp-json\/wp\/v2\/comments?post=790"}],"version-history":[{"count":4,"href":"https:\/\/graficasmosell.com\/mosell\/wp-json\/wp\/v2\/pages\/790\/revisions"}],"predecessor-version":[{"id":2546,"href":"https:\/\/graficasmosell.com\/mosell\/wp-json\/wp\/v2\/pages\/790\/revisions\/2546"}],"wp:attachment":[{"href":"https:\/\/graficasmosell.com\/mosell\/wp-json\/wp\/v2\/media?parent=790"}],"curies":[{"name":"wp","href":"https:\/\/api.w.org\/{rel}","templated":true}]}}