{"id":795,"date":"2020-04-15T17:50:57","date_gmt":"2020-04-15T17:50:57","guid":{"rendered":"https:\/\/graficasmosell.com\/\/new\/?page_id=795"},"modified":"2025-10-02T10:40:51","modified_gmt":"2025-10-02T10:40:51","slug":"politica-de-cookies","status":"publish","type":"page","link":"https:\/\/graficasmosell.com\/mosell\/politica-de-cookies\/","title":{"rendered":"Pol\u00edtica de cookies"},"content":{"rendered":"\n<style type=\"text\/css\" data-created_by=\"avia_inline_auto\" id=\"style-css-av-k91nyfe2-cfd2a0af40d9bd2ce9612dfe2dcf75bf\">\n#top .av-special-heading.av-k91nyfe2-cfd2a0af40d9bd2ce9612dfe2dcf75bf{\npadding-bottom:10px;\n}\nbody .av-special-heading.av-k91nyfe2-cfd2a0af40d9bd2ce9612dfe2dcf75bf .av-special-heading-tag .heading-char{\nfont-size:25px;\n}\n.av-special-heading.av-k91nyfe2-cfd2a0af40d9bd2ce9612dfe2dcf75bf .av-subheading{\nfont-size:15px;\n}\n<\/style>\n<div  class='av-special-heading av-k91nyfe2-cfd2a0af40d9bd2ce9612dfe2dcf75bf av-special-heading-h1  avia-builder-el-0  el_before_av_textblock  avia-builder-el-first '><h1 class='av-special-heading-tag '  itemprop=\"headline\"  >Pol\u00edtica de cookies<\/h1><div class=\"special-heading-border\"><div class=\"special-heading-inner-border\"><\/div><\/div><\/div>\n<section  class='av_textblock_section av-k91np2ww-8df7487cb55ea360b23bcfb3be780c36 '   itemscope=\"itemscope\" itemtype=\"https:\/\/schema.org\/CreativeWork\" ><div class='avia_textblock'  itemprop=\"text\" ><ol start=\"2\">\n<li><b> Clasificaci\u00f3n y detalle de las cookies<\/b><\/li>\n<\/ol>\n<p>En este sitio web utilizamos las siguientes categor\u00edas de cookies:<\/p>\n<ul>\n<li aria-level=\"1\"><b>Cookies t\u00e9cnicas o funcionales (necesarias):<\/b> permiten la navegaci\u00f3n y el uso de las diferentes opciones o servicios de la web, como identificar la sesi\u00f3n o controlar el tr\u00e1fico.<\/li>\n<li aria-level=\"1\"><b>Cookies de an\u00e1lisis o medici\u00f3n:<\/b> nos permiten cuantificar el n\u00famero de usuarios y analizar su navegaci\u00f3n en nuestra web con el fin de mejorar la oferta de productos y servicios.<\/li>\n<li aria-level=\"1\"><b>Cookies publicitarias o de seguimiento:<\/b> almacenan informaci\u00f3n del comportamiento de los usuarios obtenida a trav\u00e9s de la observaci\u00f3n continuada de sus h\u00e1bitos de navegaci\u00f3n, lo que permite desarrollar un perfil espec\u00edfico y mostrar publicidad personalizada.<\/li>\n<li aria-level=\"1\"><b>Cookies de terceros:<\/b> se utilizan cuando se integran contenidos de otras plataformas (por ejemplo, v\u00eddeos de YouTube o mapas de Google Maps).<\/li>\n<\/ul>\n<ol start=\"3\">\n<li><b> C\u00f3mo desactivar cookies<\/b><\/li>\n<\/ol>\n<p>El usuario puede permitir, bloquear o eliminar las cookies instaladas en su equipo mediante la configuraci\u00f3n de las opciones de su navegador.<\/p>\n<ul>\n<li aria-level=\"1\">Google Chrome<\/li>\n<li aria-level=\"1\">Mozilla Firefox<\/li>\n<li aria-level=\"1\">Safari<\/li>\n<li aria-level=\"1\">Microsoft Edge<\/li>\n<\/ul>\n<p>Si rechaza el uso de cookies, podr\u00e1 seguir utilizando la web, aunque algunas funcionalidades pueden verse limitadas.<\/p>\n<ol start=\"4\">\n<li><b> Consentimiento y revocaci\u00f3n<\/b><\/li>\n<\/ol>\n<p>Al acceder por primera vez a esta web, ver\u00e1 un banner donde se le informa sobre el uso de cookies. Puede aceptar todas, rechazarlas o configurar su uso.<\/p>\n<p>En cualquier momento podr\u00e1 <b>retirar su consentimiento<\/b> para el uso de cookies configurando nuevamente sus preferencias en el panel habilitado al efecto o eliminando las cookies almacenadas en su navegador.<\/p>\n<\/div><\/section>\n","protected":false},"excerpt":{"rendered":"","protected":false},"author":1,"featured_media":0,"parent":0,"menu_order":0,"comment_status":"closed","ping_status":"closed","template":"","meta":{"_acf_changed":false,"footnotes":""},"class_list":["post-795","page","type-page","status-publish","hentry"],"acf":[],"yoast_head":"<!-- This site is optimized with the Yoast SEO plugin v27.2 - https:\/\/yoast.com\/product\/yoast-seo-wordpress\/ -->\n<title>Pol\u00edtica de cookies - Gr&aacute;ficas Mosell<\/title>\n<meta name=\"robots\" content=\"index, follow, max-snippet:-1, max-image-preview:large, max-video-preview:-1\" \/>\n<link rel=\"canonical\" href=\"https:\/\/graficasmosell.com\/mosell\/politica-de-cookies\/\" \/>\n<meta property=\"og:locale\" content=\"es_ES\" \/>\n<meta property=\"og:type\" content=\"article\" \/>\n<meta property=\"og:title\" content=\"Pol\u00edtica de cookies - Gr&aacute;ficas Mosell\" \/>\n<meta property=\"og:url\" content=\"https:\/\/graficasmosell.com\/mosell\/politica-de-cookies\/\" \/>\n<meta property=\"og:site_name\" content=\"Gr&aacute;ficas Mosell\" \/>\n<meta property=\"article:modified_time\" content=\"2025-10-02T10:40:51+00:00\" \/>\n<meta name=\"twitter:card\" content=\"summary_large_image\" \/>\n<meta name=\"twitter:label1\" content=\"Tiempo de lectura\" \/>\n\t<meta name=\"twitter:data1\" content=\"2 minutos\" \/>\n<script type=\"application\/ld+json\" class=\"yoast-schema-graph\">{\"@context\":\"https:\/\/schema.org\",\"@graph\":[{\"@type\":\"WebPage\",\"@id\":\"https:\/\/graficasmosell.com\/mosell\/politica-de-cookies\/\",\"url\":\"https:\/\/graficasmosell.com\/mosell\/politica-de-cookies\/\",\"name\":\"Pol\u00edtica de cookies - Gr&aacute;ficas Mosell\",\"isPartOf\":{\"@id\":\"https:\/\/graficasmosell.com\/mosell\/#website\"},\"datePublished\":\"2020-04-15T17:50:57+00:00\",\"dateModified\":\"2025-10-02T10:40:51+00:00\",\"breadcrumb\":{\"@id\":\"https:\/\/graficasmosell.com\/mosell\/politica-de-cookies\/#breadcrumb\"},\"inLanguage\":\"es\",\"potentialAction\":[{\"@type\":\"ReadAction\",\"target\":[\"https:\/\/graficasmosell.com\/mosell\/politica-de-cookies\/\"]}]},{\"@type\":\"BreadcrumbList\",\"@id\":\"https:\/\/graficasmosell.com\/mosell\/politica-de-cookies\/#breadcrumb\",\"itemListElement\":[{\"@type\":\"ListItem\",\"position\":1,\"name\":\"Portada\",\"item\":\"https:\/\/graficasmosell.com\/mosell\/home\/\"},{\"@type\":\"ListItem\",\"position\":2,\"name\":\"Pol\u00edtica de cookies\"}]},{\"@type\":\"WebSite\",\"@id\":\"https:\/\/graficasmosell.com\/mosell\/#website\",\"url\":\"https:\/\/graficasmosell.com\/mosell\/\",\"name\":\"Gr&aacute;ficas Mosell\",\"description\":\"Imprenta, Rotulaci\u00f3n y Regalos\",\"publisher\":{\"@id\":\"https:\/\/graficasmosell.com\/mosell\/#organization\"},\"potentialAction\":[{\"@type\":\"SearchAction\",\"target\":{\"@type\":\"EntryPoint\",\"urlTemplate\":\"https:\/\/graficasmosell.com\/mosell\/?s={search_term_string}\"},\"query-input\":{\"@type\":\"PropertyValueSpecification\",\"valueRequired\":true,\"valueName\":\"search_term_string\"}}],\"inLanguage\":\"es\"},{\"@type\":\"Organization\",\"@id\":\"https:\/\/graficasmosell.com\/mosell\/#organization\",\"name\":\"Mosell\",\"url\":\"https:\/\/graficasmosell.com\/mosell\/\",\"logo\":{\"@type\":\"ImageObject\",\"inLanguage\":\"es\",\"@id\":\"https:\/\/graficasmosell.com\/mosell\/#\/schema\/logo\/image\/\",\"url\":\"\",\"contentUrl\":\"\",\"caption\":\"Mosell\"},\"image\":{\"@id\":\"https:\/\/graficasmosell.com\/mosell\/#\/schema\/logo\/image\/\"}}]}<\/script>\n<!-- \/ Yoast SEO plugin. -->","yoast_head_json":{"title":"Pol\u00edtica de cookies - Gr&aacute;ficas Mosell","robots":{"index":"index","follow":"follow","max-snippet":"max-snippet:-1","max-image-preview":"max-image-preview:large","max-video-preview":"max-video-preview:-1"},"canonical":"https:\/\/graficasmosell.com\/mosell\/politica-de-cookies\/","og_locale":"es_ES","og_type":"article","og_title":"Pol\u00edtica de cookies - Gr&aacute;ficas Mosell","og_url":"https:\/\/graficasmosell.com\/mosell\/politica-de-cookies\/","og_site_name":"Gr&aacute;ficas Mosell","article_modified_time":"2025-10-02T10:40:51+00:00","twitter_card":"summary_large_image","twitter_misc":{"Tiempo de lectura":"2 minutos"},"schema":{"@context":"https:\/\/schema.org","@graph":[{"@type":"WebPage","@id":"https:\/\/graficasmosell.com\/mosell\/politica-de-cookies\/","url":"https:\/\/graficasmosell.com\/mosell\/politica-de-cookies\/","name":"Pol\u00edtica de cookies - Gr&aacute;ficas Mosell","isPartOf":{"@id":"https:\/\/graficasmosell.com\/mosell\/#website"},"datePublished":"2020-04-15T17:50:57+00:00","dateModified":"2025-10-02T10:40:51+00:00","breadcrumb":{"@id":"https:\/\/graficasmosell.com\/mosell\/politica-de-cookies\/#breadcrumb"},"inLanguage":"es","potentialAction":[{"@type":"ReadAction","target":["https:\/\/graficasmosell.com\/mosell\/politica-de-cookies\/"]}]},{"@type":"BreadcrumbList","@id":"https:\/\/graficasmosell.com\/mosell\/politica-de-cookies\/#breadcrumb","itemListElement":[{"@type":"ListItem","position":1,"name":"Portada","item":"https:\/\/graficasmosell.com\/mosell\/home\/"},{"@type":"ListItem","position":2,"name":"Pol\u00edtica de cookies"}]},{"@type":"WebSite","@id":"https:\/\/graficasmosell.com\/mosell\/#website","url":"https:\/\/graficasmosell.com\/mosell\/","name":"Gr&aacute;ficas Mosell","description":"Imprenta, Rotulaci\u00f3n y Regalos","publisher":{"@id":"https:\/\/graficasmosell.com\/mosell\/#organization"},"potentialAction":[{"@type":"SearchAction","target":{"@type":"EntryPoint","urlTemplate":"https:\/\/graficasmosell.com\/mosell\/?s={search_term_string}"},"query-input":{"@type":"PropertyValueSpecification","valueRequired":true,"valueName":"search_term_string"}}],"inLanguage":"es"},{"@type":"Organization","@id":"https:\/\/graficasmosell.com\/mosell\/#organization","name":"Mosell","url":"https:\/\/graficasmosell.com\/mosell\/","logo":{"@type":"ImageObject","inLanguage":"es","@id":"https:\/\/graficasmosell.com\/mosell\/#\/schema\/logo\/image\/","url":"","contentUrl":"","caption":"Mosell"},"image":{"@id":"https:\/\/graficasmosell.com\/mosell\/#\/schema\/logo\/image\/"}}]}},"_links":{"self":[{"href":"https:\/\/graficasmosell.com\/mosell\/wp-json\/wp\/v2\/pages\/795","targetHints":{"allow":["GET"]}}],"collection":[{"href":"https:\/\/graficasmosell.com\/mosell\/wp-json\/wp\/v2\/pages"}],"about":[{"href":"https:\/\/graficasmosell.com\/mosell\/wp-json\/wp\/v2\/types\/page"}],"author":[{"embeddable":true,"href":"https:\/\/graficasmosell.com\/mosell\/wp-json\/wp\/v2\/users\/1"}],"replies":[{"embeddable":true,"href":"https:\/\/graficasmosell.com\/mosell\/wp-json\/wp\/v2\/comments?post=795"}],"version-history":[{"count":4,"href":"https:\/\/graficasmosell.com\/mosell\/wp-json\/wp\/v2\/pages\/795\/revisions"}],"predecessor-version":[{"id":2548,"href":"https:\/\/graficasmosell.com\/mosell\/wp-json\/wp\/v2\/pages\/795\/revisions\/2548"}],"wp:attachment":[{"href":"https:\/\/graficasmosell.com\/mosell\/wp-json\/wp\/v2\/media?parent=795"}],"curies":[{"name":"wp","href":"https:\/\/api.w.org\/{rel}","templated":true}]}}