{"id":1829,"date":"2025-09-29T17:40:26","date_gmt":"2025-09-29T17:40:26","guid":{"rendered":"https:\/\/graficasmosell.com\/new\/?post_type=product&#038;p=1829"},"modified":"2025-10-01T14:47:57","modified_gmt":"2025-10-01T14:47:57","slug":"papel-de-carta","status":"publish","type":"product","link":"https:\/\/graficasmosell.com\/mosell\/producto\/papel-de-carta\/","title":{"rendered":"Papel de carta"},"content":{"rendered":"<p class=\"p1\">El papel para cartas se utiliza com\u00fanmente para enviar documentos administrativos como\u00a0facturas, albaranes u hojas de contrato, entre la multitud de posibilidades. La imagen de tu empresa estar\u00e1 presente en tus documentos y siempre cerca de tus clientes.<\/p>\n","protected":false},"excerpt":{"rendered":"<p>Este papel es perfecto para su escritura o para la impresi\u00f3n en toda clase de m\u00e1quinas, tanto l\u00e1ser como inkjet.<\/p>\n","protected":false},"featured_media":1763,"comment_status":"open","ping_status":"closed","template":"","meta":{"_acf_changed":false},"product_brand":[],"product_cat":[40],"product_tag":[],"class_list":{"0":"post-1829","1":"product","2":"type-product","3":"status-publish","4":"has-post-thumbnail","6":"product_cat-papel-de-carta","8":"first","9":"instock","10":"sold-individually","11":"taxable","12":"shipping-taxable","13":"purchasable","14":"product-type-variable"},"acf":[],"yoast_head":"<!-- This site is optimized with the Yoast SEO plugin v27.2 - https:\/\/yoast.com\/product\/yoast-seo-wordpress\/ -->\n<title>Papel de carta - Gr&aacute;ficas Mosell<\/title>\n<meta name=\"robots\" content=\"index, follow, max-snippet:-1, max-image-preview:large, max-video-preview:-1\" \/>\n<link rel=\"canonical\" href=\"https:\/\/graficasmosell.com\/mosell\/producto\/papel-de-carta\/\" \/>\n<meta property=\"og:locale\" content=\"es_ES\" \/>\n<meta property=\"og:type\" content=\"article\" \/>\n<meta property=\"og:title\" content=\"Papel de carta - Gr&aacute;ficas Mosell\" \/>\n<meta property=\"og:description\" content=\"Este papel es perfecto para su escritura o para la impresi\u00f3n en toda clase de m\u00e1quinas, tanto l\u00e1ser como inkjet.\" \/>\n<meta property=\"og:url\" content=\"https:\/\/graficasmosell.com\/mosell\/producto\/papel-de-carta\/\" \/>\n<meta property=\"og:site_name\" content=\"Gr&aacute;ficas Mosell\" \/>\n<meta property=\"article:modified_time\" content=\"2025-10-01T14:47:57+00:00\" \/>\n<meta property=\"og:image\" content=\"https:\/\/graficasmosell.com\/mosell\/wp-content\/uploads\/2025\/09\/PapeldeCartas.png\" \/>\n\t<meta property=\"og:image:width\" content=\"709\" \/>\n\t<meta property=\"og:image:height\" content=\"709\" \/>\n\t<meta property=\"og:image:type\" content=\"image\/png\" \/>\n<meta name=\"twitter:card\" content=\"summary_large_image\" \/>\n<meta name=\"twitter:label1\" content=\"Tiempo de lectura\" \/>\n\t<meta name=\"twitter:data1\" content=\"1 minuto\" \/>\n<script type=\"application\/ld+json\" class=\"yoast-schema-graph\">{\"@context\":\"https:\/\/schema.org\",\"@graph\":[{\"@type\":\"WebPage\",\"@id\":\"https:\/\/graficasmosell.com\/mosell\/producto\/papel-de-carta\/\",\"url\":\"https:\/\/graficasmosell.com\/mosell\/producto\/papel-de-carta\/\",\"name\":\"Papel de carta - Gr&aacute;ficas Mosell\",\"isPartOf\":{\"@id\":\"https:\/\/graficasmosell.com\/mosell\/#website\"},\"primaryImageOfPage\":{\"@id\":\"https:\/\/graficasmosell.com\/mosell\/producto\/papel-de-carta\/#primaryimage\"},\"image\":{\"@id\":\"https:\/\/graficasmosell.com\/mosell\/producto\/papel-de-carta\/#primaryimage\"},\"thumbnailUrl\":\"https:\/\/graficasmosell.com\/mosell\/wp-content\/uploads\/2025\/09\/PapeldeCartas.png\",\"datePublished\":\"2025-09-29T17:40:26+00:00\",\"dateModified\":\"2025-10-01T14:47:57+00:00\",\"breadcrumb\":{\"@id\":\"https:\/\/graficasmosell.com\/mosell\/producto\/papel-de-carta\/#breadcrumb\"},\"inLanguage\":\"es\",\"potentialAction\":[{\"@type\":\"ReadAction\",\"target\":[\"https:\/\/graficasmosell.com\/mosell\/producto\/papel-de-carta\/\"]}]},{\"@type\":\"ImageObject\",\"inLanguage\":\"es\",\"@id\":\"https:\/\/graficasmosell.com\/mosell\/producto\/papel-de-carta\/#primaryimage\",\"url\":\"https:\/\/graficasmosell.com\/mosell\/wp-content\/uploads\/2025\/09\/PapeldeCartas.png\",\"contentUrl\":\"https:\/\/graficasmosell.com\/mosell\/wp-content\/uploads\/2025\/09\/PapeldeCartas.png\",\"width\":709,\"height\":709,\"caption\":\"Papel de cartas\"},{\"@type\":\"BreadcrumbList\",\"@id\":\"https:\/\/graficasmosell.com\/mosell\/producto\/papel-de-carta\/#breadcrumb\",\"itemListElement\":[{\"@type\":\"ListItem\",\"position\":1,\"name\":\"Portada\",\"item\":\"https:\/\/graficasmosell.com\/mosell\/home\/\"},{\"@type\":\"ListItem\",\"position\":2,\"name\":\"Tienda\",\"item\":\"https:\/\/graficasmosell.com\/mosell\/tienda\/\"},{\"@type\":\"ListItem\",\"position\":3,\"name\":\"Papel de carta\"}]},{\"@type\":\"WebSite\",\"@id\":\"https:\/\/graficasmosell.com\/mosell\/#website\",\"url\":\"https:\/\/graficasmosell.com\/mosell\/\",\"name\":\"Gr&aacute;ficas Mosell\",\"description\":\"Imprenta, Rotulaci\u00f3n y Regalos\",\"publisher\":{\"@id\":\"https:\/\/graficasmosell.com\/mosell\/#organization\"},\"potentialAction\":[{\"@type\":\"SearchAction\",\"target\":{\"@type\":\"EntryPoint\",\"urlTemplate\":\"https:\/\/graficasmosell.com\/mosell\/?s={search_term_string}\"},\"query-input\":{\"@type\":\"PropertyValueSpecification\",\"valueRequired\":true,\"valueName\":\"search_term_string\"}}],\"inLanguage\":\"es\"},{\"@type\":\"Organization\",\"@id\":\"https:\/\/graficasmosell.com\/mosell\/#organization\",\"name\":\"Mosell\",\"url\":\"https:\/\/graficasmosell.com\/mosell\/\",\"logo\":{\"@type\":\"ImageObject\",\"inLanguage\":\"es\",\"@id\":\"https:\/\/graficasmosell.com\/mosell\/#\/schema\/logo\/image\/\",\"url\":\"\",\"contentUrl\":\"\",\"caption\":\"Mosell\"},\"image\":{\"@id\":\"https:\/\/graficasmosell.com\/mosell\/#\/schema\/logo\/image\/\"}}]}<\/script>\n<!-- \/ Yoast SEO plugin. -->","yoast_head_json":{"title":"Papel de carta - Gr&aacute;ficas Mosell","robots":{"index":"index","follow":"follow","max-snippet":"max-snippet:-1","max-image-preview":"max-image-preview:large","max-video-preview":"max-video-preview:-1"},"canonical":"https:\/\/graficasmosell.com\/mosell\/producto\/papel-de-carta\/","og_locale":"es_ES","og_type":"article","og_title":"Papel de carta - Gr&aacute;ficas Mosell","og_description":"Este papel es perfecto para su escritura o para la impresi\u00f3n en toda clase de m\u00e1quinas, tanto l\u00e1ser como inkjet.","og_url":"https:\/\/graficasmosell.com\/mosell\/producto\/papel-de-carta\/","og_site_name":"Gr&aacute;ficas Mosell","article_modified_time":"2025-10-01T14:47:57+00:00","og_image":[{"width":709,"height":709,"url":"https:\/\/graficasmosell.com\/mosell\/wp-content\/uploads\/2025\/09\/PapeldeCartas.png","type":"image\/png"}],"twitter_card":"summary_large_image","twitter_misc":{"Tiempo de lectura":"1 minuto"},"schema":{"@context":"https:\/\/schema.org","@graph":[{"@type":"WebPage","@id":"https:\/\/graficasmosell.com\/mosell\/producto\/papel-de-carta\/","url":"https:\/\/graficasmosell.com\/mosell\/producto\/papel-de-carta\/","name":"Papel de carta - Gr&aacute;ficas Mosell","isPartOf":{"@id":"https:\/\/graficasmosell.com\/mosell\/#website"},"primaryImageOfPage":{"@id":"https:\/\/graficasmosell.com\/mosell\/producto\/papel-de-carta\/#primaryimage"},"image":{"@id":"https:\/\/graficasmosell.com\/mosell\/producto\/papel-de-carta\/#primaryimage"},"thumbnailUrl":"https:\/\/graficasmosell.com\/mosell\/wp-content\/uploads\/2025\/09\/PapeldeCartas.png","datePublished":"2025-09-29T17:40:26+00:00","dateModified":"2025-10-01T14:47:57+00:00","breadcrumb":{"@id":"https:\/\/graficasmosell.com\/mosell\/producto\/papel-de-carta\/#breadcrumb"},"inLanguage":"es","potentialAction":[{"@type":"ReadAction","target":["https:\/\/graficasmosell.com\/mosell\/producto\/papel-de-carta\/"]}]},{"@type":"ImageObject","inLanguage":"es","@id":"https:\/\/graficasmosell.com\/mosell\/producto\/papel-de-carta\/#primaryimage","url":"https:\/\/graficasmosell.com\/mosell\/wp-content\/uploads\/2025\/09\/PapeldeCartas.png","contentUrl":"https:\/\/graficasmosell.com\/mosell\/wp-content\/uploads\/2025\/09\/PapeldeCartas.png","width":709,"height":709,"caption":"Papel de cartas"},{"@type":"BreadcrumbList","@id":"https:\/\/graficasmosell.com\/mosell\/producto\/papel-de-carta\/#breadcrumb","itemListElement":[{"@type":"ListItem","position":1,"name":"Portada","item":"https:\/\/graficasmosell.com\/mosell\/home\/"},{"@type":"ListItem","position":2,"name":"Tienda","item":"https:\/\/graficasmosell.com\/mosell\/tienda\/"},{"@type":"ListItem","position":3,"name":"Papel de carta"}]},{"@type":"WebSite","@id":"https:\/\/graficasmosell.com\/mosell\/#website","url":"https:\/\/graficasmosell.com\/mosell\/","name":"Gr&aacute;ficas Mosell","description":"Imprenta, Rotulaci\u00f3n y Regalos","publisher":{"@id":"https:\/\/graficasmosell.com\/mosell\/#organization"},"potentialAction":[{"@type":"SearchAction","target":{"@type":"EntryPoint","urlTemplate":"https:\/\/graficasmosell.com\/mosell\/?s={search_term_string}"},"query-input":{"@type":"PropertyValueSpecification","valueRequired":true,"valueName":"search_term_string"}}],"inLanguage":"es"},{"@type":"Organization","@id":"https:\/\/graficasmosell.com\/mosell\/#organization","name":"Mosell","url":"https:\/\/graficasmosell.com\/mosell\/","logo":{"@type":"ImageObject","inLanguage":"es","@id":"https:\/\/graficasmosell.com\/mosell\/#\/schema\/logo\/image\/","url":"","contentUrl":"","caption":"Mosell"},"image":{"@id":"https:\/\/graficasmosell.com\/mosell\/#\/schema\/logo\/image\/"}}]}},"_links":{"self":[{"href":"https:\/\/graficasmosell.com\/mosell\/wp-json\/wp\/v2\/product\/1829","targetHints":{"allow":["GET"]}}],"collection":[{"href":"https:\/\/graficasmosell.com\/mosell\/wp-json\/wp\/v2\/product"}],"about":[{"href":"https:\/\/graficasmosell.com\/mosell\/wp-json\/wp\/v2\/types\/product"}],"replies":[{"embeddable":true,"href":"https:\/\/graficasmosell.com\/mosell\/wp-json\/wp\/v2\/comments?post=1829"}],"wp:featuredmedia":[{"embeddable":true,"href":"https:\/\/graficasmosell.com\/mosell\/wp-json\/wp\/v2\/media\/1763"}],"wp:attachment":[{"href":"https:\/\/graficasmosell.com\/mosell\/wp-json\/wp\/v2\/media?parent=1829"}],"wp:term":[{"taxonomy":"product_brand","embeddable":true,"href":"https:\/\/graficasmosell.com\/mosell\/wp-json\/wp\/v2\/product_brand?post=1829"},{"taxonomy":"product_cat","embeddable":true,"href":"https:\/\/graficasmosell.com\/mosell\/wp-json\/wp\/v2\/product_cat?post=1829"},{"taxonomy":"product_tag","embeddable":true,"href":"https:\/\/graficasmosell.com\/mosell\/wp-json\/wp\/v2\/product_tag?post=1829"}],"curies":[{"name":"wp","href":"https:\/\/api.w.org\/{rel}","templated":true}]}}