{"id":1870,"date":"2025-09-30T17:49:55","date_gmt":"2025-09-30T17:49:55","guid":{"rendered":"https:\/\/graficasmosell.com\/new\/?post_type=product&#038;p=1870"},"modified":"2025-10-01T14:29:24","modified_gmt":"2025-10-01T14:29:24","slug":"carteles","status":"publish","type":"product","link":"https:\/\/graficasmosell.com\/mosell\/producto\/carteles\/","title":{"rendered":"Carteles"},"content":{"rendered":"<p class=\"p1\">Hacer\u00a0carteles publicitarios\u00a0sigue siendo hoy en d\u00eda una de las mejores opciones para dar a conocer pr\u00e1cticamente cualquier tipo de evento. Un dise\u00f1o elegante y llamativo har\u00e1 que tu cartel atraiga todas las miradas.<\/p>\n","protected":false},"excerpt":{"rendered":"<p>Hacer carteles publicitarios sigue siendo hoy en d\u00eda una de las mejores opciones para dar a conocer pr\u00e1cticamente cualquier tipo de evento.<\/p>\n","protected":false},"featured_media":1954,"comment_status":"open","ping_status":"closed","template":"","meta":{"_acf_changed":false},"product_brand":[],"product_cat":[41],"product_tag":[],"class_list":{"0":"post-1870","1":"product","2":"type-product","3":"status-publish","4":"has-post-thumbnail","6":"product_cat-carteles","8":"first","9":"instock","10":"sold-individually","11":"taxable","12":"shipping-taxable","13":"purchasable","14":"product-type-variable"},"acf":[],"yoast_head":"<!-- This site is optimized with the Yoast SEO plugin v27.2 - https:\/\/yoast.com\/product\/yoast-seo-wordpress\/ -->\n<title>Carteles - Gr&aacute;ficas Mosell<\/title>\n<meta name=\"robots\" content=\"index, follow, max-snippet:-1, max-image-preview:large, max-video-preview:-1\" \/>\n<link rel=\"canonical\" href=\"https:\/\/graficasmosell.com\/mosell\/producto\/carteles\/\" \/>\n<meta property=\"og:locale\" content=\"es_ES\" \/>\n<meta property=\"og:type\" content=\"article\" \/>\n<meta property=\"og:title\" content=\"Carteles - Gr&aacute;ficas Mosell\" \/>\n<meta property=\"og:description\" content=\"Hacer carteles publicitarios sigue siendo hoy en d\u00eda una de las mejores opciones para dar a conocer pr\u00e1cticamente cualquier tipo de evento.\" \/>\n<meta property=\"og:url\" content=\"https:\/\/graficasmosell.com\/mosell\/producto\/carteles\/\" \/>\n<meta property=\"og:site_name\" content=\"Gr&aacute;ficas Mosell\" \/>\n<meta property=\"article:modified_time\" content=\"2025-10-01T14:29:24+00:00\" \/>\n<meta property=\"og:image\" content=\"https:\/\/graficasmosell.com\/mosell\/wp-content\/uploads\/2025\/09\/1.-Poster-copia-1.jpg\" \/>\n\t<meta property=\"og:image:width\" content=\"1500\" \/>\n\t<meta property=\"og:image:height\" content=\"1500\" \/>\n\t<meta property=\"og:image:type\" content=\"image\/jpeg\" \/>\n<meta name=\"twitter:card\" content=\"summary_large_image\" \/>\n<meta name=\"twitter:label1\" content=\"Tiempo de lectura\" \/>\n\t<meta name=\"twitter:data1\" content=\"1 minuto\" \/>\n<script type=\"application\/ld+json\" class=\"yoast-schema-graph\">{\"@context\":\"https:\/\/schema.org\",\"@graph\":[{\"@type\":\"WebPage\",\"@id\":\"https:\/\/graficasmosell.com\/mosell\/producto\/carteles\/\",\"url\":\"https:\/\/graficasmosell.com\/mosell\/producto\/carteles\/\",\"name\":\"Carteles - Gr&aacute;ficas Mosell\",\"isPartOf\":{\"@id\":\"https:\/\/graficasmosell.com\/mosell\/#website\"},\"primaryImageOfPage\":{\"@id\":\"https:\/\/graficasmosell.com\/mosell\/producto\/carteles\/#primaryimage\"},\"image\":{\"@id\":\"https:\/\/graficasmosell.com\/mosell\/producto\/carteles\/#primaryimage\"},\"thumbnailUrl\":\"https:\/\/graficasmosell.com\/mosell\/wp-content\/uploads\/2025\/09\/1.-Poster-copia-1.jpg\",\"datePublished\":\"2025-09-30T17:49:55+00:00\",\"dateModified\":\"2025-10-01T14:29:24+00:00\",\"breadcrumb\":{\"@id\":\"https:\/\/graficasmosell.com\/mosell\/producto\/carteles\/#breadcrumb\"},\"inLanguage\":\"es\",\"potentialAction\":[{\"@type\":\"ReadAction\",\"target\":[\"https:\/\/graficasmosell.com\/mosell\/producto\/carteles\/\"]}]},{\"@type\":\"ImageObject\",\"inLanguage\":\"es\",\"@id\":\"https:\/\/graficasmosell.com\/mosell\/producto\/carteles\/#primaryimage\",\"url\":\"https:\/\/graficasmosell.com\/mosell\/wp-content\/uploads\/2025\/09\/1.-Poster-copia-1.jpg\",\"contentUrl\":\"https:\/\/graficasmosell.com\/mosell\/wp-content\/uploads\/2025\/09\/1.-Poster-copia-1.jpg\",\"width\":1500,\"height\":1500,\"caption\":\"P\u00f3ster\"},{\"@type\":\"BreadcrumbList\",\"@id\":\"https:\/\/graficasmosell.com\/mosell\/producto\/carteles\/#breadcrumb\",\"itemListElement\":[{\"@type\":\"ListItem\",\"position\":1,\"name\":\"Portada\",\"item\":\"https:\/\/graficasmosell.com\/mosell\/home\/\"},{\"@type\":\"ListItem\",\"position\":2,\"name\":\"Tienda\",\"item\":\"https:\/\/graficasmosell.com\/mosell\/tienda\/\"},{\"@type\":\"ListItem\",\"position\":3,\"name\":\"Carteles\"}]},{\"@type\":\"WebSite\",\"@id\":\"https:\/\/graficasmosell.com\/mosell\/#website\",\"url\":\"https:\/\/graficasmosell.com\/mosell\/\",\"name\":\"Gr&aacute;ficas Mosell\",\"description\":\"Imprenta, Rotulaci\u00f3n y Regalos\",\"publisher\":{\"@id\":\"https:\/\/graficasmosell.com\/mosell\/#organization\"},\"potentialAction\":[{\"@type\":\"SearchAction\",\"target\":{\"@type\":\"EntryPoint\",\"urlTemplate\":\"https:\/\/graficasmosell.com\/mosell\/?s={search_term_string}\"},\"query-input\":{\"@type\":\"PropertyValueSpecification\",\"valueRequired\":true,\"valueName\":\"search_term_string\"}}],\"inLanguage\":\"es\"},{\"@type\":\"Organization\",\"@id\":\"https:\/\/graficasmosell.com\/mosell\/#organization\",\"name\":\"Mosell\",\"url\":\"https:\/\/graficasmosell.com\/mosell\/\",\"logo\":{\"@type\":\"ImageObject\",\"inLanguage\":\"es\",\"@id\":\"https:\/\/graficasmosell.com\/mosell\/#\/schema\/logo\/image\/\",\"url\":\"\",\"contentUrl\":\"\",\"caption\":\"Mosell\"},\"image\":{\"@id\":\"https:\/\/graficasmosell.com\/mosell\/#\/schema\/logo\/image\/\"}}]}<\/script>\n<!-- \/ Yoast SEO plugin. -->","yoast_head_json":{"title":"Carteles - Gr&aacute;ficas Mosell","robots":{"index":"index","follow":"follow","max-snippet":"max-snippet:-1","max-image-preview":"max-image-preview:large","max-video-preview":"max-video-preview:-1"},"canonical":"https:\/\/graficasmosell.com\/mosell\/producto\/carteles\/","og_locale":"es_ES","og_type":"article","og_title":"Carteles - Gr&aacute;ficas Mosell","og_description":"Hacer carteles publicitarios sigue siendo hoy en d\u00eda una de las mejores opciones para dar a conocer pr\u00e1cticamente cualquier tipo de evento.","og_url":"https:\/\/graficasmosell.com\/mosell\/producto\/carteles\/","og_site_name":"Gr&aacute;ficas Mosell","article_modified_time":"2025-10-01T14:29:24+00:00","og_image":[{"width":1500,"height":1500,"url":"https:\/\/graficasmosell.com\/mosell\/wp-content\/uploads\/2025\/09\/1.-Poster-copia-1.jpg","type":"image\/jpeg"}],"twitter_card":"summary_large_image","twitter_misc":{"Tiempo de lectura":"1 minuto"},"schema":{"@context":"https:\/\/schema.org","@graph":[{"@type":"WebPage","@id":"https:\/\/graficasmosell.com\/mosell\/producto\/carteles\/","url":"https:\/\/graficasmosell.com\/mosell\/producto\/carteles\/","name":"Carteles - Gr&aacute;ficas Mosell","isPartOf":{"@id":"https:\/\/graficasmosell.com\/mosell\/#website"},"primaryImageOfPage":{"@id":"https:\/\/graficasmosell.com\/mosell\/producto\/carteles\/#primaryimage"},"image":{"@id":"https:\/\/graficasmosell.com\/mosell\/producto\/carteles\/#primaryimage"},"thumbnailUrl":"https:\/\/graficasmosell.com\/mosell\/wp-content\/uploads\/2025\/09\/1.-Poster-copia-1.jpg","datePublished":"2025-09-30T17:49:55+00:00","dateModified":"2025-10-01T14:29:24+00:00","breadcrumb":{"@id":"https:\/\/graficasmosell.com\/mosell\/producto\/carteles\/#breadcrumb"},"inLanguage":"es","potentialAction":[{"@type":"ReadAction","target":["https:\/\/graficasmosell.com\/mosell\/producto\/carteles\/"]}]},{"@type":"ImageObject","inLanguage":"es","@id":"https:\/\/graficasmosell.com\/mosell\/producto\/carteles\/#primaryimage","url":"https:\/\/graficasmosell.com\/mosell\/wp-content\/uploads\/2025\/09\/1.-Poster-copia-1.jpg","contentUrl":"https:\/\/graficasmosell.com\/mosell\/wp-content\/uploads\/2025\/09\/1.-Poster-copia-1.jpg","width":1500,"height":1500,"caption":"P\u00f3ster"},{"@type":"BreadcrumbList","@id":"https:\/\/graficasmosell.com\/mosell\/producto\/carteles\/#breadcrumb","itemListElement":[{"@type":"ListItem","position":1,"name":"Portada","item":"https:\/\/graficasmosell.com\/mosell\/home\/"},{"@type":"ListItem","position":2,"name":"Tienda","item":"https:\/\/graficasmosell.com\/mosell\/tienda\/"},{"@type":"ListItem","position":3,"name":"Carteles"}]},{"@type":"WebSite","@id":"https:\/\/graficasmosell.com\/mosell\/#website","url":"https:\/\/graficasmosell.com\/mosell\/","name":"Gr&aacute;ficas Mosell","description":"Imprenta, Rotulaci\u00f3n y Regalos","publisher":{"@id":"https:\/\/graficasmosell.com\/mosell\/#organization"},"potentialAction":[{"@type":"SearchAction","target":{"@type":"EntryPoint","urlTemplate":"https:\/\/graficasmosell.com\/mosell\/?s={search_term_string}"},"query-input":{"@type":"PropertyValueSpecification","valueRequired":true,"valueName":"search_term_string"}}],"inLanguage":"es"},{"@type":"Organization","@id":"https:\/\/graficasmosell.com\/mosell\/#organization","name":"Mosell","url":"https:\/\/graficasmosell.com\/mosell\/","logo":{"@type":"ImageObject","inLanguage":"es","@id":"https:\/\/graficasmosell.com\/mosell\/#\/schema\/logo\/image\/","url":"","contentUrl":"","caption":"Mosell"},"image":{"@id":"https:\/\/graficasmosell.com\/mosell\/#\/schema\/logo\/image\/"}}]}},"_links":{"self":[{"href":"https:\/\/graficasmosell.com\/mosell\/wp-json\/wp\/v2\/product\/1870","targetHints":{"allow":["GET"]}}],"collection":[{"href":"https:\/\/graficasmosell.com\/mosell\/wp-json\/wp\/v2\/product"}],"about":[{"href":"https:\/\/graficasmosell.com\/mosell\/wp-json\/wp\/v2\/types\/product"}],"replies":[{"embeddable":true,"href":"https:\/\/graficasmosell.com\/mosell\/wp-json\/wp\/v2\/comments?post=1870"}],"wp:featuredmedia":[{"embeddable":true,"href":"https:\/\/graficasmosell.com\/mosell\/wp-json\/wp\/v2\/media\/1954"}],"wp:attachment":[{"href":"https:\/\/graficasmosell.com\/mosell\/wp-json\/wp\/v2\/media?parent=1870"}],"wp:term":[{"taxonomy":"product_brand","embeddable":true,"href":"https:\/\/graficasmosell.com\/mosell\/wp-json\/wp\/v2\/product_brand?post=1870"},{"taxonomy":"product_cat","embeddable":true,"href":"https:\/\/graficasmosell.com\/mosell\/wp-json\/wp\/v2\/product_cat?post=1870"},{"taxonomy":"product_tag","embeddable":true,"href":"https:\/\/graficasmosell.com\/mosell\/wp-json\/wp\/v2\/product_tag?post=1870"}],"curies":[{"name":"wp","href":"https:\/\/api.w.org\/{rel}","templated":true}]}}