{"id":2270,"date":"2025-09-30T11:34:29","date_gmt":"2025-09-30T11:34:29","guid":{"rendered":"https:\/\/graficasmosell.com\/new\/producto\/dipticos-papel-estucado-130-gr-a-color-2-caras\/"},"modified":"2025-09-30T12:04:03","modified_gmt":"2025-09-30T12:04:03","slug":"dipticos","status":"publish","type":"product","link":"https:\/\/graficasmosell.com\/mosell\/producto\/dipticos\/","title":{"rendered":"D\u00edpticos (4 p\u00e1ginas)"},"content":{"rendered":"<p>Al igual que los flyer, los folletos plegados ya sean en d\u00edptico, tr\u00edptico\u2026 es una medida de publicidad muy eficaz. La principal diferencia con los flyers reside en la cantidad de informaci\u00f3n que ofrece, ya que estos suelen ser m\u00e1s completos. Su forma de distribuci\u00f3n suele ser igual que los flyer.<\/p>\n","protected":false},"excerpt":{"rendered":"<p>Al igual que los flyer, los folletos plegados ya sean en d\u00edptico, tr\u00edptico\u2026 es una medida de publicidad muy eficaz.<\/p>\n","protected":false},"featured_media":2308,"comment_status":"open","ping_status":"closed","template":"","meta":{"_acf_changed":false},"product_brand":[],"product_cat":[48],"product_tag":[],"class_list":{"0":"post-2270","1":"product","2":"type-product","3":"status-publish","4":"has-post-thumbnail","6":"product_cat-dipticos","8":"first","9":"instock","10":"sold-individually","11":"taxable","12":"shipping-taxable","13":"purchasable","14":"product-type-variable"},"acf":[],"yoast_head":"<!-- This site is optimized with the Yoast SEO plugin v27.2 - https:\/\/yoast.com\/product\/yoast-seo-wordpress\/ -->\n<title>D\u00edpticos (4 p\u00e1ginas) - Gr&aacute;ficas Mosell<\/title>\n<meta name=\"robots\" content=\"index, follow, max-snippet:-1, max-image-preview:large, max-video-preview:-1\" \/>\n<link rel=\"canonical\" href=\"https:\/\/graficasmosell.com\/mosell\/producto\/dipticos\/\" \/>\n<meta property=\"og:locale\" content=\"es_ES\" \/>\n<meta property=\"og:type\" content=\"article\" \/>\n<meta property=\"og:title\" content=\"D\u00edpticos (4 p\u00e1ginas) - Gr&aacute;ficas Mosell\" \/>\n<meta property=\"og:description\" content=\"Al igual que los flyer, los folletos plegados ya sean en d\u00edptico, tr\u00edptico\u2026 es una medida de publicidad muy eficaz.\" \/>\n<meta property=\"og:url\" content=\"https:\/\/graficasmosell.com\/mosell\/producto\/dipticos\/\" \/>\n<meta property=\"og:site_name\" content=\"Gr&aacute;ficas Mosell\" \/>\n<meta property=\"article:modified_time\" content=\"2025-09-30T12:04:03+00:00\" \/>\n<meta property=\"og:image\" content=\"https:\/\/graficasmosell.com\/mosell\/wp-content\/uploads\/2025\/09\/Dipticos-copia.jpg\" \/>\n\t<meta property=\"og:image:width\" content=\"1500\" \/>\n\t<meta property=\"og:image:height\" content=\"1500\" \/>\n\t<meta property=\"og:image:type\" content=\"image\/jpeg\" \/>\n<meta name=\"twitter:card\" content=\"summary_large_image\" \/>\n<script type=\"application\/ld+json\" class=\"yoast-schema-graph\">{\"@context\":\"https:\/\/schema.org\",\"@graph\":[{\"@type\":\"WebPage\",\"@id\":\"https:\/\/graficasmosell.com\/mosell\/producto\/dipticos\/\",\"url\":\"https:\/\/graficasmosell.com\/mosell\/producto\/dipticos\/\",\"name\":\"D\u00edpticos (4 p\u00e1ginas) - Gr&aacute;ficas Mosell\",\"isPartOf\":{\"@id\":\"https:\/\/graficasmosell.com\/mosell\/#website\"},\"primaryImageOfPage\":{\"@id\":\"https:\/\/graficasmosell.com\/mosell\/producto\/dipticos\/#primaryimage\"},\"image\":{\"@id\":\"https:\/\/graficasmosell.com\/mosell\/producto\/dipticos\/#primaryimage\"},\"thumbnailUrl\":\"https:\/\/graficasmosell.com\/mosell\/wp-content\/uploads\/2025\/09\/Dipticos-copia.jpg\",\"datePublished\":\"2025-09-30T11:34:29+00:00\",\"dateModified\":\"2025-09-30T12:04:03+00:00\",\"breadcrumb\":{\"@id\":\"https:\/\/graficasmosell.com\/mosell\/producto\/dipticos\/#breadcrumb\"},\"inLanguage\":\"es\",\"potentialAction\":[{\"@type\":\"ReadAction\",\"target\":[\"https:\/\/graficasmosell.com\/mosell\/producto\/dipticos\/\"]}]},{\"@type\":\"ImageObject\",\"inLanguage\":\"es\",\"@id\":\"https:\/\/graficasmosell.com\/mosell\/producto\/dipticos\/#primaryimage\",\"url\":\"https:\/\/graficasmosell.com\/mosell\/wp-content\/uploads\/2025\/09\/Dipticos-copia.jpg\",\"contentUrl\":\"https:\/\/graficasmosell.com\/mosell\/wp-content\/uploads\/2025\/09\/Dipticos-copia.jpg\",\"width\":1500,\"height\":1500,\"caption\":\"Dipticos\"},{\"@type\":\"BreadcrumbList\",\"@id\":\"https:\/\/graficasmosell.com\/mosell\/producto\/dipticos\/#breadcrumb\",\"itemListElement\":[{\"@type\":\"ListItem\",\"position\":1,\"name\":\"Portada\",\"item\":\"https:\/\/graficasmosell.com\/mosell\/home\/\"},{\"@type\":\"ListItem\",\"position\":2,\"name\":\"Tienda\",\"item\":\"https:\/\/graficasmosell.com\/mosell\/tienda\/\"},{\"@type\":\"ListItem\",\"position\":3,\"name\":\"D\u00edpticos (4 p\u00e1ginas)\"}]},{\"@type\":\"WebSite\",\"@id\":\"https:\/\/graficasmosell.com\/mosell\/#website\",\"url\":\"https:\/\/graficasmosell.com\/mosell\/\",\"name\":\"Gr&aacute;ficas Mosell\",\"description\":\"Imprenta, Rotulaci\u00f3n y Regalos\",\"publisher\":{\"@id\":\"https:\/\/graficasmosell.com\/mosell\/#organization\"},\"potentialAction\":[{\"@type\":\"SearchAction\",\"target\":{\"@type\":\"EntryPoint\",\"urlTemplate\":\"https:\/\/graficasmosell.com\/mosell\/?s={search_term_string}\"},\"query-input\":{\"@type\":\"PropertyValueSpecification\",\"valueRequired\":true,\"valueName\":\"search_term_string\"}}],\"inLanguage\":\"es\"},{\"@type\":\"Organization\",\"@id\":\"https:\/\/graficasmosell.com\/mosell\/#organization\",\"name\":\"Mosell\",\"url\":\"https:\/\/graficasmosell.com\/mosell\/\",\"logo\":{\"@type\":\"ImageObject\",\"inLanguage\":\"es\",\"@id\":\"https:\/\/graficasmosell.com\/mosell\/#\/schema\/logo\/image\/\",\"url\":\"\",\"contentUrl\":\"\",\"caption\":\"Mosell\"},\"image\":{\"@id\":\"https:\/\/graficasmosell.com\/mosell\/#\/schema\/logo\/image\/\"}}]}<\/script>\n<!-- \/ Yoast SEO plugin. -->","yoast_head_json":{"title":"D\u00edpticos (4 p\u00e1ginas) - Gr&aacute;ficas Mosell","robots":{"index":"index","follow":"follow","max-snippet":"max-snippet:-1","max-image-preview":"max-image-preview:large","max-video-preview":"max-video-preview:-1"},"canonical":"https:\/\/graficasmosell.com\/mosell\/producto\/dipticos\/","og_locale":"es_ES","og_type":"article","og_title":"D\u00edpticos (4 p\u00e1ginas) - Gr&aacute;ficas Mosell","og_description":"Al igual que los flyer, los folletos plegados ya sean en d\u00edptico, tr\u00edptico\u2026 es una medida de publicidad muy eficaz.","og_url":"https:\/\/graficasmosell.com\/mosell\/producto\/dipticos\/","og_site_name":"Gr&aacute;ficas Mosell","article_modified_time":"2025-09-30T12:04:03+00:00","og_image":[{"width":1500,"height":1500,"url":"https:\/\/graficasmosell.com\/mosell\/wp-content\/uploads\/2025\/09\/Dipticos-copia.jpg","type":"image\/jpeg"}],"twitter_card":"summary_large_image","schema":{"@context":"https:\/\/schema.org","@graph":[{"@type":"WebPage","@id":"https:\/\/graficasmosell.com\/mosell\/producto\/dipticos\/","url":"https:\/\/graficasmosell.com\/mosell\/producto\/dipticos\/","name":"D\u00edpticos (4 p\u00e1ginas) - Gr&aacute;ficas Mosell","isPartOf":{"@id":"https:\/\/graficasmosell.com\/mosell\/#website"},"primaryImageOfPage":{"@id":"https:\/\/graficasmosell.com\/mosell\/producto\/dipticos\/#primaryimage"},"image":{"@id":"https:\/\/graficasmosell.com\/mosell\/producto\/dipticos\/#primaryimage"},"thumbnailUrl":"https:\/\/graficasmosell.com\/mosell\/wp-content\/uploads\/2025\/09\/Dipticos-copia.jpg","datePublished":"2025-09-30T11:34:29+00:00","dateModified":"2025-09-30T12:04:03+00:00","breadcrumb":{"@id":"https:\/\/graficasmosell.com\/mosell\/producto\/dipticos\/#breadcrumb"},"inLanguage":"es","potentialAction":[{"@type":"ReadAction","target":["https:\/\/graficasmosell.com\/mosell\/producto\/dipticos\/"]}]},{"@type":"ImageObject","inLanguage":"es","@id":"https:\/\/graficasmosell.com\/mosell\/producto\/dipticos\/#primaryimage","url":"https:\/\/graficasmosell.com\/mosell\/wp-content\/uploads\/2025\/09\/Dipticos-copia.jpg","contentUrl":"https:\/\/graficasmosell.com\/mosell\/wp-content\/uploads\/2025\/09\/Dipticos-copia.jpg","width":1500,"height":1500,"caption":"Dipticos"},{"@type":"BreadcrumbList","@id":"https:\/\/graficasmosell.com\/mosell\/producto\/dipticos\/#breadcrumb","itemListElement":[{"@type":"ListItem","position":1,"name":"Portada","item":"https:\/\/graficasmosell.com\/mosell\/home\/"},{"@type":"ListItem","position":2,"name":"Tienda","item":"https:\/\/graficasmosell.com\/mosell\/tienda\/"},{"@type":"ListItem","position":3,"name":"D\u00edpticos (4 p\u00e1ginas)"}]},{"@type":"WebSite","@id":"https:\/\/graficasmosell.com\/mosell\/#website","url":"https:\/\/graficasmosell.com\/mosell\/","name":"Gr&aacute;ficas Mosell","description":"Imprenta, Rotulaci\u00f3n y Regalos","publisher":{"@id":"https:\/\/graficasmosell.com\/mosell\/#organization"},"potentialAction":[{"@type":"SearchAction","target":{"@type":"EntryPoint","urlTemplate":"https:\/\/graficasmosell.com\/mosell\/?s={search_term_string}"},"query-input":{"@type":"PropertyValueSpecification","valueRequired":true,"valueName":"search_term_string"}}],"inLanguage":"es"},{"@type":"Organization","@id":"https:\/\/graficasmosell.com\/mosell\/#organization","name":"Mosell","url":"https:\/\/graficasmosell.com\/mosell\/","logo":{"@type":"ImageObject","inLanguage":"es","@id":"https:\/\/graficasmosell.com\/mosell\/#\/schema\/logo\/image\/","url":"","contentUrl":"","caption":"Mosell"},"image":{"@id":"https:\/\/graficasmosell.com\/mosell\/#\/schema\/logo\/image\/"}}]}},"_links":{"self":[{"href":"https:\/\/graficasmosell.com\/mosell\/wp-json\/wp\/v2\/product\/2270","targetHints":{"allow":["GET"]}}],"collection":[{"href":"https:\/\/graficasmosell.com\/mosell\/wp-json\/wp\/v2\/product"}],"about":[{"href":"https:\/\/graficasmosell.com\/mosell\/wp-json\/wp\/v2\/types\/product"}],"replies":[{"embeddable":true,"href":"https:\/\/graficasmosell.com\/mosell\/wp-json\/wp\/v2\/comments?post=2270"}],"wp:featuredmedia":[{"embeddable":true,"href":"https:\/\/graficasmosell.com\/mosell\/wp-json\/wp\/v2\/media\/2308"}],"wp:attachment":[{"href":"https:\/\/graficasmosell.com\/mosell\/wp-json\/wp\/v2\/media?parent=2270"}],"wp:term":[{"taxonomy":"product_brand","embeddable":true,"href":"https:\/\/graficasmosell.com\/mosell\/wp-json\/wp\/v2\/product_brand?post=2270"},{"taxonomy":"product_cat","embeddable":true,"href":"https:\/\/graficasmosell.com\/mosell\/wp-json\/wp\/v2\/product_cat?post=2270"},{"taxonomy":"product_tag","embeddable":true,"href":"https:\/\/graficasmosell.com\/mosell\/wp-json\/wp\/v2\/product_tag?post=2270"}],"curies":[{"name":"wp","href":"https:\/\/api.w.org\/{rel}","templated":true}]}}