{"id":2309,"date":"2025-09-30T12:00:18","date_gmt":"2025-09-30T12:00:18","guid":{"rendered":"https:\/\/graficasmosell.com\/new\/producto\/roll-up-soporte-lona-510-gr-mate\/"},"modified":"2025-10-02T10:58:26","modified_gmt":"2025-10-02T10:58:26","slug":"roll-up","status":"publish","type":"product","link":"https:\/\/graficasmosell.com\/mosell\/producto\/roll-up\/","title":{"rendered":"Roll Up (Soporte + Lona)"},"content":{"rendered":"<p>La impresi\u00f3n en gran formato se refiere a imprimir materiales que son demasiado grandes para ser impreso en los tama\u00f1os de imprentas comerciales. Hace falta, por tanto, el uso de un equipo que pueda acomodarse a formatos de impresi\u00f3n m\u00e1s grandes de lo habitual. En la impresi\u00f3n de gran formato, en lugar de imprimirse hojas individuales, se usan rollos de impresi\u00f3n que se alimentan de forma incremental. A pesar del tama\u00f1o que pueden alcanzar estas impresiones, las nuevas tecnolog\u00edas permiten alcanzar resoluciones verdaderamente incre\u00edbles.<\/p>\n<p><strong>Categor\u00edas<\/strong><\/p>\n<ul>\n<li>Ventana y Murales<\/li>\n<li>Mapas, diagramas y gr\u00e1ficos a gran tama\u00f1o<\/li>\n<li>Grandes Calendarios<\/li>\n<li>Se\u00f1alizaci\u00f3n Promocional<\/li>\n<li>Gr\u00e1ficas de Crecimiento Infantil<\/li>\n<li>Avisos importantes para los empleados, estudiantes u otros grupos<\/li>\n<li>Banners horizontales o verticales<\/li>\n<\/ul>\n<div class=\"notranslate\" style=\"all: initial;\"><\/div>\n","protected":false},"excerpt":{"rendered":"<p>La impresi\u00f3n en gran formato se refiere a imprimir materiales que son demasiado grandes para ser impreso en los tama\u00f1os de imprentas comerciales.<\/p>\n","protected":false},"featured_media":2426,"comment_status":"open","ping_status":"closed","template":"","meta":{"_acf_changed":false},"product_brand":[],"product_cat":[49],"product_tag":[],"class_list":{"0":"post-2309","1":"product","2":"type-product","3":"status-publish","4":"has-post-thumbnail","6":"product_cat-roll-up","8":"first","9":"instock","10":"sold-individually","11":"taxable","12":"shipping-taxable","13":"purchasable","14":"product-type-variable"},"acf":[],"yoast_head":"<!-- This site is optimized with the Yoast SEO plugin v27.2 - https:\/\/yoast.com\/product\/yoast-seo-wordpress\/ -->\n<title>Roll Up (Soporte + Lona) - Gr&aacute;ficas Mosell<\/title>\n<meta name=\"robots\" content=\"index, follow, max-snippet:-1, max-image-preview:large, max-video-preview:-1\" \/>\n<link rel=\"canonical\" href=\"https:\/\/graficasmosell.com\/mosell\/producto\/roll-up\/\" \/>\n<meta property=\"og:locale\" content=\"es_ES\" \/>\n<meta property=\"og:type\" content=\"article\" \/>\n<meta property=\"og:title\" content=\"Roll Up (Soporte + Lona) - Gr&aacute;ficas Mosell\" \/>\n<meta property=\"og:description\" content=\"La impresi\u00f3n en gran formato se refiere a imprimir materiales que son demasiado grandes para ser impreso en los tama\u00f1os de imprentas comerciales.\" \/>\n<meta property=\"og:url\" content=\"https:\/\/graficasmosell.com\/mosell\/producto\/roll-up\/\" \/>\n<meta property=\"og:site_name\" content=\"Gr&aacute;ficas Mosell\" \/>\n<meta property=\"article:modified_time\" content=\"2025-10-02T10:58:26+00:00\" \/>\n<meta property=\"og:image\" content=\"https:\/\/graficasmosell.com\/mosell\/wp-content\/uploads\/2025\/09\/Rollup-copia1.jpg\" \/>\n\t<meta property=\"og:image:width\" content=\"1500\" \/>\n\t<meta property=\"og:image:height\" content=\"1500\" \/>\n\t<meta property=\"og:image:type\" content=\"image\/jpeg\" \/>\n<meta name=\"twitter:card\" content=\"summary_large_image\" \/>\n<meta name=\"twitter:label1\" content=\"Tiempo de lectura\" \/>\n\t<meta name=\"twitter:data1\" content=\"1 minuto\" \/>\n<script type=\"application\/ld+json\" class=\"yoast-schema-graph\">{\"@context\":\"https:\/\/schema.org\",\"@graph\":[{\"@type\":\"WebPage\",\"@id\":\"https:\/\/graficasmosell.com\/mosell\/producto\/roll-up\/\",\"url\":\"https:\/\/graficasmosell.com\/mosell\/producto\/roll-up\/\",\"name\":\"Roll Up (Soporte + Lona) - Gr&aacute;ficas Mosell\",\"isPartOf\":{\"@id\":\"https:\/\/graficasmosell.com\/mosell\/#website\"},\"primaryImageOfPage\":{\"@id\":\"https:\/\/graficasmosell.com\/mosell\/producto\/roll-up\/#primaryimage\"},\"image\":{\"@id\":\"https:\/\/graficasmosell.com\/mosell\/producto\/roll-up\/#primaryimage\"},\"thumbnailUrl\":\"https:\/\/graficasmosell.com\/mosell\/wp-content\/uploads\/2025\/09\/Rollup-copia1.jpg\",\"datePublished\":\"2025-09-30T12:00:18+00:00\",\"dateModified\":\"2025-10-02T10:58:26+00:00\",\"breadcrumb\":{\"@id\":\"https:\/\/graficasmosell.com\/mosell\/producto\/roll-up\/#breadcrumb\"},\"inLanguage\":\"es\",\"potentialAction\":[{\"@type\":\"ReadAction\",\"target\":[\"https:\/\/graficasmosell.com\/mosell\/producto\/roll-up\/\"]}]},{\"@type\":\"ImageObject\",\"inLanguage\":\"es\",\"@id\":\"https:\/\/graficasmosell.com\/mosell\/producto\/roll-up\/#primaryimage\",\"url\":\"https:\/\/graficasmosell.com\/mosell\/wp-content\/uploads\/2025\/09\/Rollup-copia1.jpg\",\"contentUrl\":\"https:\/\/graficasmosell.com\/mosell\/wp-content\/uploads\/2025\/09\/Rollup-copia1.jpg\",\"width\":1500,\"height\":1500,\"caption\":\"Rollup\"},{\"@type\":\"BreadcrumbList\",\"@id\":\"https:\/\/graficasmosell.com\/mosell\/producto\/roll-up\/#breadcrumb\",\"itemListElement\":[{\"@type\":\"ListItem\",\"position\":1,\"name\":\"Portada\",\"item\":\"https:\/\/graficasmosell.com\/mosell\/home\/\"},{\"@type\":\"ListItem\",\"position\":2,\"name\":\"Tienda\",\"item\":\"https:\/\/graficasmosell.com\/mosell\/tienda\/\"},{\"@type\":\"ListItem\",\"position\":3,\"name\":\"Roll Up (Soporte + Lona)\"}]},{\"@type\":\"WebSite\",\"@id\":\"https:\/\/graficasmosell.com\/mosell\/#website\",\"url\":\"https:\/\/graficasmosell.com\/mosell\/\",\"name\":\"Gr&aacute;ficas Mosell\",\"description\":\"Imprenta, Rotulaci\u00f3n y Regalos\",\"publisher\":{\"@id\":\"https:\/\/graficasmosell.com\/mosell\/#organization\"},\"potentialAction\":[{\"@type\":\"SearchAction\",\"target\":{\"@type\":\"EntryPoint\",\"urlTemplate\":\"https:\/\/graficasmosell.com\/mosell\/?s={search_term_string}\"},\"query-input\":{\"@type\":\"PropertyValueSpecification\",\"valueRequired\":true,\"valueName\":\"search_term_string\"}}],\"inLanguage\":\"es\"},{\"@type\":\"Organization\",\"@id\":\"https:\/\/graficasmosell.com\/mosell\/#organization\",\"name\":\"Mosell\",\"url\":\"https:\/\/graficasmosell.com\/mosell\/\",\"logo\":{\"@type\":\"ImageObject\",\"inLanguage\":\"es\",\"@id\":\"https:\/\/graficasmosell.com\/mosell\/#\/schema\/logo\/image\/\",\"url\":\"\",\"contentUrl\":\"\",\"caption\":\"Mosell\"},\"image\":{\"@id\":\"https:\/\/graficasmosell.com\/mosell\/#\/schema\/logo\/image\/\"}}]}<\/script>\n<!-- \/ Yoast SEO plugin. -->","yoast_head_json":{"title":"Roll Up (Soporte + Lona) - Gr&aacute;ficas Mosell","robots":{"index":"index","follow":"follow","max-snippet":"max-snippet:-1","max-image-preview":"max-image-preview:large","max-video-preview":"max-video-preview:-1"},"canonical":"https:\/\/graficasmosell.com\/mosell\/producto\/roll-up\/","og_locale":"es_ES","og_type":"article","og_title":"Roll Up (Soporte + Lona) - Gr&aacute;ficas Mosell","og_description":"La impresi\u00f3n en gran formato se refiere a imprimir materiales que son demasiado grandes para ser impreso en los tama\u00f1os de imprentas comerciales.","og_url":"https:\/\/graficasmosell.com\/mosell\/producto\/roll-up\/","og_site_name":"Gr&aacute;ficas Mosell","article_modified_time":"2025-10-02T10:58:26+00:00","og_image":[{"width":1500,"height":1500,"url":"https:\/\/graficasmosell.com\/mosell\/wp-content\/uploads\/2025\/09\/Rollup-copia1.jpg","type":"image\/jpeg"}],"twitter_card":"summary_large_image","twitter_misc":{"Tiempo de lectura":"1 minuto"},"schema":{"@context":"https:\/\/schema.org","@graph":[{"@type":"WebPage","@id":"https:\/\/graficasmosell.com\/mosell\/producto\/roll-up\/","url":"https:\/\/graficasmosell.com\/mosell\/producto\/roll-up\/","name":"Roll Up (Soporte + Lona) - Gr&aacute;ficas Mosell","isPartOf":{"@id":"https:\/\/graficasmosell.com\/mosell\/#website"},"primaryImageOfPage":{"@id":"https:\/\/graficasmosell.com\/mosell\/producto\/roll-up\/#primaryimage"},"image":{"@id":"https:\/\/graficasmosell.com\/mosell\/producto\/roll-up\/#primaryimage"},"thumbnailUrl":"https:\/\/graficasmosell.com\/mosell\/wp-content\/uploads\/2025\/09\/Rollup-copia1.jpg","datePublished":"2025-09-30T12:00:18+00:00","dateModified":"2025-10-02T10:58:26+00:00","breadcrumb":{"@id":"https:\/\/graficasmosell.com\/mosell\/producto\/roll-up\/#breadcrumb"},"inLanguage":"es","potentialAction":[{"@type":"ReadAction","target":["https:\/\/graficasmosell.com\/mosell\/producto\/roll-up\/"]}]},{"@type":"ImageObject","inLanguage":"es","@id":"https:\/\/graficasmosell.com\/mosell\/producto\/roll-up\/#primaryimage","url":"https:\/\/graficasmosell.com\/mosell\/wp-content\/uploads\/2025\/09\/Rollup-copia1.jpg","contentUrl":"https:\/\/graficasmosell.com\/mosell\/wp-content\/uploads\/2025\/09\/Rollup-copia1.jpg","width":1500,"height":1500,"caption":"Rollup"},{"@type":"BreadcrumbList","@id":"https:\/\/graficasmosell.com\/mosell\/producto\/roll-up\/#breadcrumb","itemListElement":[{"@type":"ListItem","position":1,"name":"Portada","item":"https:\/\/graficasmosell.com\/mosell\/home\/"},{"@type":"ListItem","position":2,"name":"Tienda","item":"https:\/\/graficasmosell.com\/mosell\/tienda\/"},{"@type":"ListItem","position":3,"name":"Roll Up (Soporte + Lona)"}]},{"@type":"WebSite","@id":"https:\/\/graficasmosell.com\/mosell\/#website","url":"https:\/\/graficasmosell.com\/mosell\/","name":"Gr&aacute;ficas Mosell","description":"Imprenta, Rotulaci\u00f3n y Regalos","publisher":{"@id":"https:\/\/graficasmosell.com\/mosell\/#organization"},"potentialAction":[{"@type":"SearchAction","target":{"@type":"EntryPoint","urlTemplate":"https:\/\/graficasmosell.com\/mosell\/?s={search_term_string}"},"query-input":{"@type":"PropertyValueSpecification","valueRequired":true,"valueName":"search_term_string"}}],"inLanguage":"es"},{"@type":"Organization","@id":"https:\/\/graficasmosell.com\/mosell\/#organization","name":"Mosell","url":"https:\/\/graficasmosell.com\/mosell\/","logo":{"@type":"ImageObject","inLanguage":"es","@id":"https:\/\/graficasmosell.com\/mosell\/#\/schema\/logo\/image\/","url":"","contentUrl":"","caption":"Mosell"},"image":{"@id":"https:\/\/graficasmosell.com\/mosell\/#\/schema\/logo\/image\/"}}]}},"_links":{"self":[{"href":"https:\/\/graficasmosell.com\/mosell\/wp-json\/wp\/v2\/product\/2309","targetHints":{"allow":["GET"]}}],"collection":[{"href":"https:\/\/graficasmosell.com\/mosell\/wp-json\/wp\/v2\/product"}],"about":[{"href":"https:\/\/graficasmosell.com\/mosell\/wp-json\/wp\/v2\/types\/product"}],"replies":[{"embeddable":true,"href":"https:\/\/graficasmosell.com\/mosell\/wp-json\/wp\/v2\/comments?post=2309"}],"wp:featuredmedia":[{"embeddable":true,"href":"https:\/\/graficasmosell.com\/mosell\/wp-json\/wp\/v2\/media\/2426"}],"wp:attachment":[{"href":"https:\/\/graficasmosell.com\/mosell\/wp-json\/wp\/v2\/media?parent=2309"}],"wp:term":[{"taxonomy":"product_brand","embeddable":true,"href":"https:\/\/graficasmosell.com\/mosell\/wp-json\/wp\/v2\/product_brand?post=2309"},{"taxonomy":"product_cat","embeddable":true,"href":"https:\/\/graficasmosell.com\/mosell\/wp-json\/wp\/v2\/product_cat?post=2309"},{"taxonomy":"product_tag","embeddable":true,"href":"https:\/\/graficasmosell.com\/mosell\/wp-json\/wp\/v2\/product_tag?post=2309"}],"curies":[{"name":"wp","href":"https:\/\/api.w.org\/{rel}","templated":true}]}}